{"id":11,"date":"2026-03-19T15:03:28","date_gmt":"2026-03-19T14:03:28","guid":{"rendered":"https:\/\/duodesarbres.fr\/?page_id=11"},"modified":"2026-04-13T13:54:16","modified_gmt":"2026-04-13T11:54:16","slug":"accueil","status":"publish","type":"page","link":"https:\/\/duodesarbres.fr\/","title":{"rendered":"accueil"},"content":{"rendered":"\n<div class=\"wp-block-columns is-layout-flex wp-container-core-columns-is-layout-9d6595d7 wp-block-columns-is-layout-flex\">\n<div class=\"wp-block-column is-layout-flow wp-block-column-is-layout-flow\" style=\"flex-basis:25%\">\n<figure class=\"wp-block-image size-full\"><a href=\"http:\/\/duodesarbres.fr\/index.php\/nos-engagements\/\"><img loading=\"lazy\" decoding=\"async\" width=\"800\" height=\"654\" src=\"https:\/\/duodesarbres.fr\/wp-content\/uploads\/2026\/04\/ECO-DEFIS-LOGO-TREFLE-TRANSPARENT1.png\" alt=\"\" class=\"wp-image-223\" srcset=\"https:\/\/duodesarbres.fr\/wp-content\/uploads\/2026\/04\/ECO-DEFIS-LOGO-TREFLE-TRANSPARENT1.png 800w, https:\/\/duodesarbres.fr\/wp-content\/uploads\/2026\/04\/ECO-DEFIS-LOGO-TREFLE-TRANSPARENT1-300x245.png 300w, https:\/\/duodesarbres.fr\/wp-content\/uploads\/2026\/04\/ECO-DEFIS-LOGO-TREFLE-TRANSPARENT1-768x628.png 768w\" sizes=\"auto, (max-width: 800px) 100vw, 800px\" \/><\/a><\/figure>\n\n\n\n<h2 class=\"wp-block-heading\"><a href=\"http:\/\/duodesarbres.fr\/index.php\/nos-engagements\/\" type=\"page\" id=\"27\">nos engagements<\/a><\/h2>\n\n\n\n<p>Pour une intervention respectueuse de l\u2019arbre, s\u00e9curit\u00e9 des interventions et conseils adapt\u00e9s pour un travail durable et responsable.<\/p>\n<\/div>\n\n\n\n<div class=\"wp-block-column is-layout-flow wp-block-column-is-layout-flow\"><\/div>\n\n\n\n<div class=\"wp-block-column is-layout-flow wp-block-column-is-layout-flow\" style=\"flex-basis:50%\">\n<figure class=\"wp-block-image size-large is-resized\"><a href=\"http:\/\/duodesarbres.fr\/index.php\/nos-services\/\"><img loading=\"lazy\" decoding=\"async\" width=\"768\" height=\"1024\" src=\"https:\/\/duodesarbres.fr\/wp-content\/uploads\/2026\/04\/duo-des-arbres-services-768x1024.jpg\" alt=\"\" class=\"wp-image-224\" style=\"width:166px;height:auto\" srcset=\"https:\/\/duodesarbres.fr\/wp-content\/uploads\/2026\/04\/duo-des-arbres-services-768x1024.jpg 768w, https:\/\/duodesarbres.fr\/wp-content\/uploads\/2026\/04\/duo-des-arbres-services-225x300.jpg 225w, https:\/\/duodesarbres.fr\/wp-content\/uploads\/2026\/04\/duo-des-arbres-services.jpg 800w\" sizes=\"auto, (max-width: 768px) 100vw, 768px\" \/><\/a><\/figure>\n\n\n\n<h2 class=\"wp-block-heading\"><a href=\"http:\/\/duodesarbres.fr\/index.php\/nos-services\/\" type=\"page\" id=\"189\">nos services<\/a><\/h2>\n\n\n\n<p>\u00c9lagage, abattage et entretien d\u2019arbres r\u00e9alis\u00e9s en s\u00e9curit\u00e9, avec soin et respect du vivant.<\/p>\n<\/div>\n\n\n\n<div class=\"wp-block-column is-layout-flow wp-block-column-is-layout-flow\" style=\"flex-basis:25%\">\n<p>truc photo<\/p>\n\n\n\n<h2 class=\"wp-block-heading\"><a href=\"http:\/\/duodesarbres.fr\/index.php\/devis\/\" type=\"page\" id=\"13\">demandez un devis<\/a><\/h2>\n\n\n\n<p><strong>Parlez-nous de votre arbre, nous vous proposons une solution adapt\u00e9e et s\u00e9curiser.<\/strong><\/p>\n\n\n\n<hr class=\"wp-block-separator has-alpha-channel-opacity\"\/>\n<\/div>\n<\/div>\n\n\n\n<h2 class=\"wp-block-heading\">Qui est \u00e0 votre service ?<\/h2>\n\n\n\n<div class=\"wp-block-media-text has-media-on-the-right is-stacked-on-mobile\" style=\"grid-template-columns:auto 18%\"><div class=\"wp-block-media-text__content\">\n<p>Je suis Cl\u00e9ment Coutard, Arboriste \u00e9lagueur-grimpeur depuis 2015.<br>\u00c0 l\u2019origine, je viens du monde de la gestion et de la protection de la nature. Tr\u00e8s vite, j\u2019ai ressenti le besoin d\u2019aller plus loin : ne plus seulement observer les arbres depuis le sol, mais entrer dans leur espace, les comprendre de l\u2019int\u00e9rieur, au plus pr\u00e8s du vivant.<br>Apprendre \u00e0 grimper a \u00e9t\u00e9 une r\u00e9v\u00e9lation.<br>Une autre mani\u00e8re d\u2019habiter le paysage, de ralentir, de regarder autrement. L\u00e0-haut, le rapport au monde change : plus calme, plus juste, presque suspendu.<br>Au fil des ann\u00e9es, le travail sur corde est devenu une \u00e9vidence. Une pratique \u00e0 la fois technique et intuitive, o\u00f9 chaque geste compte et o\u00f9 l\u2019on compose avec le vivant plut\u00f4t que contre lui.<br>Apr\u00e8s une dizaine d\u2019ann\u00e9es de salariat ou j\u2019ai pu m\u2019exp\u00e9rimenter en milieux urbain et montagnard, j\u2019ai eu envie de donner une autre dimension \u00e0 mon m\u00e9tier, de cr\u00e9er un projet qui me ressemble dans une r\u00e9gion o\u00f9 j\u2019ai mes racines. C\u2019est ainsi qu\u2019est n\u00e9 Duo des Arbres.<\/p>\n<\/div><figure class=\"wp-block-media-text__media\"><img loading=\"lazy\" decoding=\"async\" width=\"800\" height=\"769\" src=\"http:\/\/duodesarbres.fr\/wp-content\/uploads\/2026\/04\/photo-presentation.png\" alt=\"\" class=\"wp-image-388 size-full\" srcset=\"https:\/\/duodesarbres.fr\/wp-content\/uploads\/2026\/04\/photo-presentation.png 800w, https:\/\/duodesarbres.fr\/wp-content\/uploads\/2026\/04\/photo-presentation-300x288.png 300w, https:\/\/duodesarbres.fr\/wp-content\/uploads\/2026\/04\/photo-presentation-768x738.png 768w\" sizes=\"auto, (max-width: 800px) 100vw, 800px\" \/><\/figure><\/div>\n\n\n\n<h2 class=\"wp-block-heading\">Une philosophie : le duo<\/h2>\n\n\n\n<div class=\"wp-block-media-text is-stacked-on-mobile\" style=\"grid-template-columns:18% auto\"><figure class=\"wp-block-media-text__media\"><img loading=\"lazy\" decoding=\"async\" width=\"800\" height=\"808\" src=\"http:\/\/duodesarbres.fr\/wp-content\/uploads\/2026\/04\/Duo-des-arbres.png\" alt=\"\" class=\"wp-image-389 size-full\" srcset=\"https:\/\/duodesarbres.fr\/wp-content\/uploads\/2026\/04\/Duo-des-arbres.png 800w, https:\/\/duodesarbres.fr\/wp-content\/uploads\/2026\/04\/Duo-des-arbres-297x300.png 297w, https:\/\/duodesarbres.fr\/wp-content\/uploads\/2026\/04\/Duo-des-arbres-768x776.png 768w\" sizes=\"auto, (max-width: 800px) 100vw, 800px\" \/><\/figure><div class=\"wp-block-media-text__content\">\n<p>Le nom Duo des Arbres incarne l\u2019essence m\u00eame de mon travail.<br>Il traduit une vision o\u00f9 l\u2019intervention humaine ne s\u2019impose pas, mais s\u2019accorde.<br>Chaque arbre est un partenaire. Il me porte, me guide et m\u2019impose son rythme. En retour, je m\u2019adapte, j\u2019accompagne et j\u2019interviens avec justesse. Ce dialogue silencieux, fait d\u2019\u00e9quilibre et de pr\u00e9cision, \u00e9voque une forme de danse o\u00f9 chaque geste compte.<br>Travailler ainsi, c\u2019est choisir une relation fond\u00e9e sur le respect, la compr\u00e9hension et la finesse d\u2019ex\u00e9cution.<br>J\u2019aime cette id\u00e9e simple : travailler avec les arbres, et non sur eux.<\/p>\n\n\n\n<p>Ensemble, nous formons un duo.<\/p>\n<\/div><\/div>\n\n\n\n<div class=\"wp-block-buttons has-custom-font-size has-medium-font-size is-horizontal is-content-justification-center is-layout-flex wp-container-core-buttons-is-layout-499968f5 wp-block-buttons-is-layout-flex\">\n<div class=\"wp-block-button\"><a class=\"wp-block-button__link wp-element-button\" href=\"http:\/\/duodesarbres.fr\/index.php\/devis\/\">Obtenez un devis gratuit.<\/a><\/div>\n<\/div>\n\n\n\n<h2 class=\"wp-block-heading\">Il nous on fait confiance.<\/h2>\n\n\n\n<div class=\"alignnormal\"><div id=\"metaslider-id-150\" style=\"width: 100%;\" class=\"ml-slider-3-107-0 metaslider metaslider-flex metaslider-150 ml-slider has-dots-nav has-carousel-mode ms-theme-default-base\" role=\"region\" aria-label=\"collaborateur\" data-height=\"130\" data-width=\"180\">\n    <div id=\"metaslider_container_150\">\n        <div id=\"metaslider_150\">\n            <ul aria-live='off' class='slides'>\n                <li style=\"display: none; width: 100%;\" class=\"slide-157 ms-image \" aria-roledescription=\"slide\" data-date=\"2026-03-27 13:59:24\" data-filename=\"batch_logo-1338744665-1.png\" data-slide-type=\"image\"><img loading=\"lazy\" decoding=\"async\" width=\"600\" height=\"756\" src=\"https:\/\/duodesarbres.fr\/wp-content\/uploads\/2026\/03\/batch_logo-1338744665-1.png\" class=\"slider-150 slide-157 msDefaultImage\" alt=\"D\u00e9monstration de taille de trogne au Parc Naturel R\u00e9gional du Perche.\" rel=\"\" title=\"PNR du Perche\" srcset=\"https:\/\/duodesarbres.fr\/wp-content\/uploads\/2026\/03\/batch_logo-1338744665-1.png 600w, https:\/\/duodesarbres.fr\/wp-content\/uploads\/2026\/03\/batch_logo-1338744665-1-238x300.png 238w\" sizes=\"auto, (max-width: 600px) 100vw, 600px\" \/><\/li>\n                <li style=\"display: none; width: 100%;\" class=\"slide-158 ms-image \" aria-roledescription=\"slide\" data-date=\"2026-03-27 13:59:24\" data-filename=\"batch_OIP-3237937489-1.jpg\" data-slide-type=\"image\"><img loading=\"lazy\" decoding=\"async\" width=\"800\" height=\"800\" src=\"https:\/\/duodesarbres.fr\/wp-content\/uploads\/2026\/03\/batch_OIP-3237937489-1.jpg\" class=\"slider-150 slide-158 msDefaultImage\" alt=\"D\u00e9monstration et formation d&#039;\u00e9l\u00e8ve de la MFR\/CFA Les Forges.\" rel=\"\" title=\"MFR\/CFA les forges\" srcset=\"https:\/\/duodesarbres.fr\/wp-content\/uploads\/2026\/03\/batch_OIP-3237937489-1.jpg 800w, https:\/\/duodesarbres.fr\/wp-content\/uploads\/2026\/03\/batch_OIP-3237937489-1-300x300.jpg 300w, https:\/\/duodesarbres.fr\/wp-content\/uploads\/2026\/03\/batch_OIP-3237937489-1-150x150.jpg 150w, https:\/\/duodesarbres.fr\/wp-content\/uploads\/2026\/03\/batch_OIP-3237937489-1-768x768.jpg 768w, https:\/\/duodesarbres.fr\/wp-content\/uploads\/2026\/03\/batch_OIP-3237937489-1-600x600.jpg 600w\" sizes=\"auto, (max-width: 800px) 100vw, 800px\" \/><\/li>\n                <li style=\"display: none; width: 100%;\" class=\"slide-159 ms-image \" aria-roledescription=\"slide\" data-date=\"2026-03-27 13:59:24\" data-filename=\"batch_media-733163002-1.jpg\" data-slide-type=\"image\"><img loading=\"lazy\" decoding=\"async\" width=\"600\" height=\"848\" src=\"https:\/\/duodesarbres.fr\/wp-content\/uploads\/2026\/03\/batch_media-733163002-1.jpg\" class=\"slider-150 slide-159 msDefaultImage\" alt=\"Mairie de la Fert\u00e9-Bernard, taille d&#039;arbres entre un parking et une rivi\u00e8re\" rel=\"\" title=\"Mairie la Fert\u00e9-Bernard\" srcset=\"https:\/\/duodesarbres.fr\/wp-content\/uploads\/2026\/03\/batch_media-733163002-1.jpg 600w, https:\/\/duodesarbres.fr\/wp-content\/uploads\/2026\/03\/batch_media-733163002-1-212x300.jpg 212w\" sizes=\"auto, (max-width: 600px) 100vw, 600px\" \/><\/li>\n                <li style=\"display: none; width: 100%;\" class=\"slide-160 ms-image \" aria-roledescription=\"slide\" data-date=\"2026-03-27 13:59:24\" data-filename=\"batch_cropped-logo-pP-2898954276.jpg\" data-slide-type=\"image\"><img loading=\"lazy\" decoding=\"async\" width=\"800\" height=\"613\" src=\"https:\/\/duodesarbres.fr\/wp-content\/uploads\/2026\/03\/batch_cropped-logo-pP-2898954276.jpg\" class=\"slider-150 slide-160 msDefaultImage\" alt=\"Entreprise Patur Paysage, multiple collaboration\" rel=\"\" title=\"Patur paysage\" srcset=\"https:\/\/duodesarbres.fr\/wp-content\/uploads\/2026\/03\/batch_cropped-logo-pP-2898954276.jpg 800w, https:\/\/duodesarbres.fr\/wp-content\/uploads\/2026\/03\/batch_cropped-logo-pP-2898954276-300x230.jpg 300w, https:\/\/duodesarbres.fr\/wp-content\/uploads\/2026\/03\/batch_cropped-logo-pP-2898954276-768x588.jpg 768w\" sizes=\"auto, (max-width: 800px) 100vw, 800px\" \/><\/li>\n                <li style=\"display: none; width: 100%;\" class=\"slide-327 ms-image \" aria-roledescription=\"slide\" data-date=\"2026-04-10 13:30:20\" data-filename=\"Logo_EABS72-517772606-removebg-preview.png\" data-slide-type=\"image\"><img loading=\"lazy\" decoding=\"async\" width=\"500\" height=\"500\" src=\"https:\/\/duodesarbres.fr\/wp-content\/uploads\/2026\/04\/Logo_EABS72-517772606-removebg-preview.png\" class=\"slider-150 slide-327 msDefaultImage\" alt=\"\" rel=\"\" title=\"Logo_EABS72-517772606-removebg-preview\" srcset=\"https:\/\/duodesarbres.fr\/wp-content\/uploads\/2026\/04\/Logo_EABS72-517772606-removebg-preview.png 500w, https:\/\/duodesarbres.fr\/wp-content\/uploads\/2026\/04\/Logo_EABS72-517772606-removebg-preview-300x300.png 300w, https:\/\/duodesarbres.fr\/wp-content\/uploads\/2026\/04\/Logo_EABS72-517772606-removebg-preview-150x150.png 150w\" sizes=\"auto, (max-width: 500px) 100vw, 500px\" \/><\/li>\n            <\/ul>\n        <\/div>\n        \n    <\/div>\n<\/div><\/div>\n","protected":false},"excerpt":{"rendered":"<p>nos engagements Pour une intervention respectueuse de l\u2019arbre, s\u00e9curit\u00e9 des interventions et conseils adapt\u00e9s pour un travail durable et responsable. nos services \u00c9lagage, abattage et entretien d\u2019arbres r\u00e9alis\u00e9s en s\u00e9curit\u00e9, avec soin et respect du vivant. truc photo demandez un devis Parlez-nous de votre arbre, nous vous proposons une solution adapt\u00e9e et s\u00e9curiser. Qui est [&hellip;]<\/p>\n","protected":false},"author":1,"featured_media":0,"parent":0,"menu_order":0,"comment_status":"closed","ping_status":"closed","template":"","meta":{"ocean_post_layout":"","ocean_both_sidebars_style":"","ocean_both_sidebars_content_width":0,"ocean_both_sidebars_sidebars_width":0,"ocean_sidebar":"","ocean_second_sidebar":"","ocean_disable_margins":"enable","ocean_add_body_class":"","ocean_shortcode_before_top_bar":"","ocean_shortcode_after_top_bar":"","ocean_shortcode_before_header":"","ocean_shortcode_after_header":"","ocean_has_shortcode":"","ocean_shortcode_after_title":"","ocean_shortcode_before_footer_widgets":"","ocean_shortcode_after_footer_widgets":"","ocean_shortcode_before_footer_bottom":"","ocean_shortcode_after_footer_bottom":"","ocean_display_top_bar":"default","ocean_display_header":"default","ocean_header_style":"","ocean_center_header_left_menu":"","ocean_custom_header_template":"","ocean_custom_logo":0,"ocean_custom_retina_logo":0,"ocean_custom_logo_max_width":0,"ocean_custom_logo_tablet_max_width":0,"ocean_custom_logo_mobile_max_width":0,"ocean_custom_logo_max_height":0,"ocean_custom_logo_tablet_max_height":0,"ocean_custom_logo_mobile_max_height":0,"ocean_header_custom_menu":"","ocean_menu_typo_font_family":"","ocean_menu_typo_font_subset":"","ocean_menu_typo_font_size":0,"ocean_menu_typo_font_size_tablet":0,"ocean_menu_typo_font_size_mobile":0,"ocean_menu_typo_font_size_unit":"px","ocean_menu_typo_font_weight":"","ocean_menu_typo_font_weight_tablet":"","ocean_menu_typo_font_weight_mobile":"","ocean_menu_typo_transform":"","ocean_menu_typo_transform_tablet":"","ocean_menu_typo_transform_mobile":"","ocean_menu_typo_line_height":0,"ocean_menu_typo_line_height_tablet":0,"ocean_menu_typo_line_height_mobile":0,"ocean_menu_typo_line_height_unit":"","ocean_menu_typo_spacing":0,"ocean_menu_typo_spacing_tablet":0,"ocean_menu_typo_spacing_mobile":0,"ocean_menu_typo_spacing_unit":"","ocean_menu_link_color":"","ocean_menu_link_color_hover":"","ocean_menu_link_color_active":"","ocean_menu_link_background":"","ocean_menu_link_hover_background":"","ocean_menu_link_active_background":"","ocean_menu_social_links_bg":"","ocean_menu_social_hover_links_bg":"","ocean_menu_social_links_color":"","ocean_menu_social_hover_links_color":"","ocean_disable_title":"on","ocean_disable_heading":"default","ocean_post_title":"","ocean_post_subheading":"","ocean_post_title_style":"","ocean_post_title_background_color":"","ocean_post_title_background":0,"ocean_post_title_bg_image_position":"","ocean_post_title_bg_image_attachment":"","ocean_post_title_bg_image_repeat":"","ocean_post_title_bg_image_size":"","ocean_post_title_height":0,"ocean_post_title_bg_overlay":0.5,"ocean_post_title_bg_overlay_color":"","ocean_disable_breadcrumbs":"default","ocean_breadcrumbs_color":"","ocean_breadcrumbs_separator_color":"","ocean_breadcrumbs_links_color":"","ocean_breadcrumbs_links_hover_color":"","ocean_display_footer_widgets":"default","ocean_display_footer_bottom":"default","ocean_custom_footer_template":"","footnotes":""},"class_list":["post-11","page","type-page","status-publish","hentry","entry"],"yoast_head":"<!-- This site is optimized with the Yoast SEO plugin v27.4 - https:\/\/yoast.com\/product\/yoast-seo-wordpress\/ -->\n<title>accueil - duo des arbres<\/title>\n<meta name=\"robots\" content=\"index, follow, max-snippet:-1, max-image-preview:large, max-video-preview:-1\" \/>\n<link rel=\"canonical\" href=\"http:\/\/duodesarbres.fr\/\" \/>\n<meta property=\"og:locale\" content=\"fr_FR\" \/>\n<meta property=\"og:type\" content=\"article\" \/>\n<meta property=\"og:title\" content=\"accueil - duo des arbres\" \/>\n<meta property=\"og:description\" content=\"nos engagements Pour une intervention respectueuse de l\u2019arbre, s\u00e9curit\u00e9 des interventions et conseils adapt\u00e9s pour un travail durable et responsable. nos services \u00c9lagage, abattage et entretien d\u2019arbres r\u00e9alis\u00e9s en s\u00e9curit\u00e9, avec soin et respect du vivant. truc photo demandez un devis Parlez-nous de votre arbre, nous vous proposons une solution adapt\u00e9e et s\u00e9curiser. Qui est [&hellip;]\" \/>\n<meta property=\"og:url\" content=\"http:\/\/duodesarbres.fr\/\" \/>\n<meta property=\"og:site_name\" content=\"duo des arbres\" \/>\n<meta property=\"article:modified_time\" content=\"2026-04-13T11:54:16+00:00\" \/>\n<meta property=\"og:image\" content=\"https:\/\/duodesarbres.fr\/wp-content\/uploads\/2026\/04\/ECO-DEFIS-LOGO-TREFLE-TRANSPARENT1.png\" \/>\n\t<meta property=\"og:image:width\" content=\"800\" \/>\n\t<meta property=\"og:image:height\" content=\"654\" \/>\n\t<meta property=\"og:image:type\" content=\"image\/png\" \/>\n<meta name=\"twitter:card\" content=\"summary_large_image\" \/>\n<meta name=\"twitter:label1\" content=\"Dur\u00e9e de lecture estim\u00e9e\" \/>\n\t<meta name=\"twitter:data1\" content=\"3 minutes\" \/>\n<script type=\"application\/ld+json\" class=\"yoast-schema-graph\">{\"@context\":\"https:\\\/\\\/schema.org\",\"@graph\":[{\"@type\":\"WebPage\",\"@id\":\"http:\\\/\\\/duodesarbres.fr\\\/\",\"url\":\"http:\\\/\\\/duodesarbres.fr\\\/\",\"name\":\"accueil - duo des arbres\",\"isPartOf\":{\"@id\":\"http:\\\/\\\/duodesarbres.fr\\\/#website\"},\"primaryImageOfPage\":{\"@id\":\"http:\\\/\\\/duodesarbres.fr\\\/#primaryimage\"},\"image\":{\"@id\":\"http:\\\/\\\/duodesarbres.fr\\\/#primaryimage\"},\"thumbnailUrl\":\"https:\\\/\\\/duodesarbres.fr\\\/wp-content\\\/uploads\\\/2026\\\/04\\\/ECO-DEFIS-LOGO-TREFLE-TRANSPARENT1.png\",\"datePublished\":\"2026-03-19T14:03:28+00:00\",\"dateModified\":\"2026-04-13T11:54:16+00:00\",\"breadcrumb\":{\"@id\":\"http:\\\/\\\/duodesarbres.fr\\\/#breadcrumb\"},\"inLanguage\":\"fr-FR\",\"potentialAction\":[{\"@type\":\"ReadAction\",\"target\":[\"http:\\\/\\\/duodesarbres.fr\\\/\"]}]},{\"@type\":\"ImageObject\",\"inLanguage\":\"fr-FR\",\"@id\":\"http:\\\/\\\/duodesarbres.fr\\\/#primaryimage\",\"url\":\"https:\\\/\\\/duodesarbres.fr\\\/wp-content\\\/uploads\\\/2026\\\/04\\\/ECO-DEFIS-LOGO-TREFLE-TRANSPARENT1.png\",\"contentUrl\":\"https:\\\/\\\/duodesarbres.fr\\\/wp-content\\\/uploads\\\/2026\\\/04\\\/ECO-DEFIS-LOGO-TREFLE-TRANSPARENT1.png\",\"width\":800,\"height\":654},{\"@type\":\"BreadcrumbList\",\"@id\":\"http:\\\/\\\/duodesarbres.fr\\\/#breadcrumb\",\"itemListElement\":[{\"@type\":\"ListItem\",\"position\":1,\"name\":\"Accueil\",\"item\":\"http:\\\/\\\/duodesarbres.fr\\\/\"},{\"@type\":\"ListItem\",\"position\":2,\"name\":\"accueil\"}]},{\"@type\":\"WebSite\",\"@id\":\"http:\\\/\\\/duodesarbres.fr\\\/#website\",\"url\":\"http:\\\/\\\/duodesarbres.fr\\\/\",\"name\":\"duo des arbres\",\"description\":\"\u00e9lagage raisonn\u00e9, un avenir enracin\u00e9.\",\"publisher\":{\"@id\":\"http:\\\/\\\/duodesarbres.fr\\\/#organization\"},\"potentialAction\":[{\"@type\":\"SearchAction\",\"target\":{\"@type\":\"EntryPoint\",\"urlTemplate\":\"http:\\\/\\\/duodesarbres.fr\\\/?s={search_term_string}\"},\"query-input\":{\"@type\":\"PropertyValueSpecification\",\"valueRequired\":true,\"valueName\":\"search_term_string\"}}],\"inLanguage\":\"fr-FR\"},{\"@type\":\"Organization\",\"@id\":\"http:\\\/\\\/duodesarbres.fr\\\/#organization\",\"name\":\"duo des arbres\",\"url\":\"http:\\\/\\\/duodesarbres.fr\\\/\",\"logo\":{\"@type\":\"ImageObject\",\"inLanguage\":\"fr-FR\",\"@id\":\"http:\\\/\\\/duodesarbres.fr\\\/#\\\/schema\\\/logo\\\/image\\\/\",\"url\":\"https:\\\/\\\/duodesarbres.fr\\\/wp-content\\\/uploads\\\/2026\\\/04\\\/Duo-des-arbres.png\",\"contentUrl\":\"https:\\\/\\\/duodesarbres.fr\\\/wp-content\\\/uploads\\\/2026\\\/04\\\/Duo-des-arbres.png\",\"width\":800,\"height\":808,\"caption\":\"duo des arbres\"},\"image\":{\"@id\":\"http:\\\/\\\/duodesarbres.fr\\\/#\\\/schema\\\/logo\\\/image\\\/\"}}]}<\/script>\n<!-- \/ Yoast SEO plugin. -->","yoast_head_json":{"title":"accueil - duo des arbres","robots":{"index":"index","follow":"follow","max-snippet":"max-snippet:-1","max-image-preview":"max-image-preview:large","max-video-preview":"max-video-preview:-1"},"canonical":"http:\/\/duodesarbres.fr\/","og_locale":"fr_FR","og_type":"article","og_title":"accueil - duo des arbres","og_description":"nos engagements Pour une intervention respectueuse de l\u2019arbre, s\u00e9curit\u00e9 des interventions et conseils adapt\u00e9s pour un travail durable et responsable. nos services \u00c9lagage, abattage et entretien d\u2019arbres r\u00e9alis\u00e9s en s\u00e9curit\u00e9, avec soin et respect du vivant. truc photo demandez un devis Parlez-nous de votre arbre, nous vous proposons une solution adapt\u00e9e et s\u00e9curiser. Qui est [&hellip;]","og_url":"http:\/\/duodesarbres.fr\/","og_site_name":"duo des arbres","article_modified_time":"2026-04-13T11:54:16+00:00","og_image":[{"width":800,"height":654,"url":"https:\/\/duodesarbres.fr\/wp-content\/uploads\/2026\/04\/ECO-DEFIS-LOGO-TREFLE-TRANSPARENT1.png","type":"image\/png"}],"twitter_card":"summary_large_image","twitter_misc":{"Dur\u00e9e de lecture estim\u00e9e":"3 minutes"},"schema":{"@context":"https:\/\/schema.org","@graph":[{"@type":"WebPage","@id":"http:\/\/duodesarbres.fr\/","url":"http:\/\/duodesarbres.fr\/","name":"accueil - duo des arbres","isPartOf":{"@id":"http:\/\/duodesarbres.fr\/#website"},"primaryImageOfPage":{"@id":"http:\/\/duodesarbres.fr\/#primaryimage"},"image":{"@id":"http:\/\/duodesarbres.fr\/#primaryimage"},"thumbnailUrl":"https:\/\/duodesarbres.fr\/wp-content\/uploads\/2026\/04\/ECO-DEFIS-LOGO-TREFLE-TRANSPARENT1.png","datePublished":"2026-03-19T14:03:28+00:00","dateModified":"2026-04-13T11:54:16+00:00","breadcrumb":{"@id":"http:\/\/duodesarbres.fr\/#breadcrumb"},"inLanguage":"fr-FR","potentialAction":[{"@type":"ReadAction","target":["http:\/\/duodesarbres.fr\/"]}]},{"@type":"ImageObject","inLanguage":"fr-FR","@id":"http:\/\/duodesarbres.fr\/#primaryimage","url":"https:\/\/duodesarbres.fr\/wp-content\/uploads\/2026\/04\/ECO-DEFIS-LOGO-TREFLE-TRANSPARENT1.png","contentUrl":"https:\/\/duodesarbres.fr\/wp-content\/uploads\/2026\/04\/ECO-DEFIS-LOGO-TREFLE-TRANSPARENT1.png","width":800,"height":654},{"@type":"BreadcrumbList","@id":"http:\/\/duodesarbres.fr\/#breadcrumb","itemListElement":[{"@type":"ListItem","position":1,"name":"Accueil","item":"http:\/\/duodesarbres.fr\/"},{"@type":"ListItem","position":2,"name":"accueil"}]},{"@type":"WebSite","@id":"http:\/\/duodesarbres.fr\/#website","url":"http:\/\/duodesarbres.fr\/","name":"duo des arbres","description":"\u00e9lagage raisonn\u00e9, un avenir enracin\u00e9.","publisher":{"@id":"http:\/\/duodesarbres.fr\/#organization"},"potentialAction":[{"@type":"SearchAction","target":{"@type":"EntryPoint","urlTemplate":"http:\/\/duodesarbres.fr\/?s={search_term_string}"},"query-input":{"@type":"PropertyValueSpecification","valueRequired":true,"valueName":"search_term_string"}}],"inLanguage":"fr-FR"},{"@type":"Organization","@id":"http:\/\/duodesarbres.fr\/#organization","name":"duo des arbres","url":"http:\/\/duodesarbres.fr\/","logo":{"@type":"ImageObject","inLanguage":"fr-FR","@id":"http:\/\/duodesarbres.fr\/#\/schema\/logo\/image\/","url":"https:\/\/duodesarbres.fr\/wp-content\/uploads\/2026\/04\/Duo-des-arbres.png","contentUrl":"https:\/\/duodesarbres.fr\/wp-content\/uploads\/2026\/04\/Duo-des-arbres.png","width":800,"height":808,"caption":"duo des arbres"},"image":{"@id":"http:\/\/duodesarbres.fr\/#\/schema\/logo\/image\/"}}]}},"_links":{"self":[{"href":"https:\/\/duodesarbres.fr\/index.php\/wp-json\/wp\/v2\/pages\/11","targetHints":{"allow":["GET"]}}],"collection":[{"href":"https:\/\/duodesarbres.fr\/index.php\/wp-json\/wp\/v2\/pages"}],"about":[{"href":"https:\/\/duodesarbres.fr\/index.php\/wp-json\/wp\/v2\/types\/page"}],"author":[{"embeddable":true,"href":"https:\/\/duodesarbres.fr\/index.php\/wp-json\/wp\/v2\/users\/1"}],"replies":[{"embeddable":true,"href":"https:\/\/duodesarbres.fr\/index.php\/wp-json\/wp\/v2\/comments?post=11"}],"version-history":[{"count":18,"href":"https:\/\/duodesarbres.fr\/index.php\/wp-json\/wp\/v2\/pages\/11\/revisions"}],"predecessor-version":[{"id":541,"href":"https:\/\/duodesarbres.fr\/index.php\/wp-json\/wp\/v2\/pages\/11\/revisions\/541"}],"wp:attachment":[{"href":"https:\/\/duodesarbres.fr\/index.php\/wp-json\/wp\/v2\/media?parent=11"}],"curies":[{"name":"wp","href":"https:\/\/api.w.org\/{rel}","templated":true}]}}