{"id":19,"date":"2026-03-19T15:14:40","date_gmt":"2026-03-19T14:14:40","guid":{"rendered":"https:\/\/duodesarbres.fr\/?page_id=19"},"modified":"2026-04-13T10:43:38","modified_gmt":"2026-04-13T08:43:38","slug":"elagage","status":"publish","type":"page","link":"https:\/\/duodesarbres.fr\/index.php\/nos-services\/elagage\/","title":{"rendered":"\u00e9lagage"},"content":{"rendered":"\n<p>Chez <strong>Duo des Arbres<\/strong>, nous sommes sp\u00e9cialis\u00e9s en <strong>\u00e9lagage d\u2019arbres en Sarthe<\/strong> et en <strong>taille raisonn\u00e9e<\/strong>.<br>Notre approche respecte le <strong>cycle biologique de l\u2019arbre<\/strong>, sa sant\u00e9 et son environnement.<\/p>\n\n\n\n<p>Nous privil\u00e9gions des techniques d\u2019<strong>\u00e9lagage durable<\/strong>, en limitant les tailles s\u00e9v\u00e8res au profit d\u2019interventions adapt\u00e9es, r\u00e9alis\u00e9es au bon moment de l\u2019ann\u00e9e.<\/p>\n\n\n\n<h1 class=\"wp-block-heading\">Les tailles: quelles diff\u00e9rences?<\/h1>\n\n\n\n<div class=\"wp-block-columns is-layout-flex wp-container-core-columns-is-layout-9d6595d7 wp-block-columns-is-layout-flex\">\n<div class=\"wp-block-column is-layout-flow wp-block-column-is-layout-flow\">\n<p>.<\/p>\n\n\n\n<div data-wp-context=\"{ &quot;autoclose&quot;: false, &quot;accordionItems&quot;: [] }\" data-wp-interactive=\"core\/accordion\" role=\"group\" class=\"wp-block-accordion is-layout-flow wp-block-accordion-is-layout-flow\">\n<div data-wp-class--is-open=\"state.isOpen\" data-wp-context=\"{ &quot;id&quot;: &quot;accordion-item-1&quot;, &quot;openByDefault&quot;: false }\" data-wp-init=\"callbacks.initAccordionItems\" data-wp-on-window--hashchange=\"callbacks.hashChange\" class=\"wp-block-accordion-item is-layout-flow wp-block-accordion-item-is-layout-flow\">\n<h3 class=\"wp-block-accordion-heading\"><button aria-expanded=\"false\" aria-controls=\"accordion-item-1-panel\" data-wp-bind--aria-expanded=\"state.isOpen\" data-wp-on--click=\"actions.toggle\" data-wp-on--keydown=\"actions.handleKeyDown\" id=\"accordion-item-1\" type=\"button\" class=\"wp-block-accordion-heading__toggle\"><span class=\"wp-block-accordion-heading__toggle-title\">La taille douce : pr\u00e9server la sant\u00e9 de l\u2019arbre<\/span><span class=\"wp-block-accordion-heading__toggle-icon\" aria-hidden=\"true\">+<\/span><\/button><\/h3>\n\n\n\n<div inert aria-labelledby=\"accordion-item-1\" data-wp-bind--inert=\"!state.isOpen\" id=\"accordion-item-1-panel\" role=\"region\" class=\"wp-block-accordion-panel is-layout-flow wp-block-accordion-panel-is-layout-flow\">\n<div class=\"wp-block-columns is-layout-flex wp-container-core-columns-is-layout-9d6595d7 wp-block-columns-is-layout-flex\">\n<div class=\"wp-block-column is-layout-flow wp-block-column-is-layout-flow\" style=\"flex-basis:66.66%\">\n<p>Nos arboristes grimpeurs interviennent en coupant des <strong>branches de petit diam\u00e8tre<\/strong>, en ciblant les zones fragilis\u00e9es, et en \u00e9vitant les parties sensibles comme le sommet de l\u2019arbre.<\/p>\n\n\n\n<p>Cette technique est id\u00e9ale pour un <strong>\u00e9lagage \u00e9cologique et durable<\/strong><\/p>\n\n\n\n<ul class=\"wp-block-list\">\n<li>limiter les grosses plaies et les risques de maladies<\/li>\n\n\n\n<li>pr\u00e9server la vitalit\u00e9 de l\u2019arbre<\/li>\n\n\n\n<li>favoriser une croissance harmonieuse<\/li>\n<\/ul>\n\n\n\n<p>Contrairement aux tailles s\u00e9v\u00e8res, elle permet de :<\/p>\n\n\n\n<p>La <strong>taille douce<\/strong> est une m\u00e9thode d\u2019\u00e9lagage respectueuse qui vise \u00e0 conserver la structure naturelle de l\u2019arbre.<\/p>\n<\/div>\n\n\n\n<div class=\"wp-block-column is-layout-flow wp-block-column-is-layout-flow\" style=\"flex-basis:33.33%\">\n<figure class=\"wp-block-image size-full is-resized\"><a href=\"http:\/\/duodesarbres.fr\/wp-content\/uploads\/2026\/04\/60.jpg\"><img loading=\"lazy\" decoding=\"async\" width=\"600\" height=\"906\" src=\"http:\/\/duodesarbres.fr\/wp-content\/uploads\/2026\/04\/60.jpg\" alt=\"\" class=\"wp-image-411\" style=\"width:206px;height:auto\" srcset=\"https:\/\/duodesarbres.fr\/wp-content\/uploads\/2026\/04\/60.jpg 600w, https:\/\/duodesarbres.fr\/wp-content\/uploads\/2026\/04\/60-199x300.jpg 199w\" sizes=\"auto, (max-width: 600px) 100vw, 600px\" \/><\/a><\/figure>\n<\/div>\n<\/div>\n<\/div>\n<\/div>\n<\/div>\n\n\n\n<div data-wp-context=\"{ &quot;autoclose&quot;: false, &quot;accordionItems&quot;: [] }\" data-wp-interactive=\"core\/accordion\" role=\"group\" class=\"wp-block-accordion is-layout-flow wp-block-accordion-is-layout-flow\">\n<div data-wp-class--is-open=\"state.isOpen\" data-wp-context=\"{ &quot;id&quot;: &quot;accordion-item-3&quot;, &quot;openByDefault&quot;: false }\" data-wp-init=\"callbacks.initAccordionItems\" data-wp-on-window--hashchange=\"callbacks.hashChange\" class=\"wp-block-accordion-item is-layout-flow wp-block-accordion-item-is-layout-flow\">\n<h3 class=\"wp-block-accordion-heading\"><button aria-expanded=\"false\" aria-controls=\"accordion-item-3-panel\" data-wp-bind--aria-expanded=\"state.isOpen\" data-wp-on--click=\"actions.toggle\" data-wp-on--keydown=\"actions.handleKeyDown\" id=\"accordion-item-3\" type=\"button\" class=\"wp-block-accordion-heading__toggle\"><span class=\"wp-block-accordion-heading__toggle-title\">La taille de cohabitation : adapter l\u2019arbre \u00e0 son environnement<\/span><span class=\"wp-block-accordion-heading__toggle-icon\" aria-hidden=\"true\">+<\/span><\/button><\/h3>\n\n\n\n<div inert aria-labelledby=\"accordion-item-3\" data-wp-bind--inert=\"!state.isOpen\" id=\"accordion-item-3-panel\" role=\"region\" class=\"wp-block-accordion-panel is-layout-flow wp-block-accordion-panel-is-layout-flow\">\n<div class=\"wp-block-columns is-layout-flex wp-container-core-columns-is-layout-9d6595d7 wp-block-columns-is-layout-flex\">\n<div class=\"wp-block-column is-layout-flow wp-block-column-is-layout-flow\" style=\"flex-basis:33.33%\">\n<figure class=\"wp-block-gallery has-nested-images columns-default is-cropped wp-block-gallery-2 is-layout-flex wp-block-gallery-is-layout-flex\">\n<figure class=\"wp-block-image size-full\"><a href=\"http:\/\/duodesarbres.fr\/wp-content\/uploads\/2026\/04\/57.jpg\"><img loading=\"lazy\" decoding=\"async\" width=\"800\" height=\"603\" data-id=\"305\" src=\"http:\/\/duodesarbres.fr\/wp-content\/uploads\/2026\/04\/57.jpg\" alt=\"\" class=\"wp-image-305\" srcset=\"https:\/\/duodesarbres.fr\/wp-content\/uploads\/2026\/04\/57.jpg 800w, https:\/\/duodesarbres.fr\/wp-content\/uploads\/2026\/04\/57-300x226.jpg 300w, https:\/\/duodesarbres.fr\/wp-content\/uploads\/2026\/04\/57-768x579.jpg 768w\" sizes=\"auto, (max-width: 800px) 100vw, 800px\" \/><\/a><\/figure>\n<\/figure>\n<\/div>\n\n\n\n<div class=\"wp-block-column is-layout-flow wp-block-column-is-layout-flow\" style=\"flex-basis:66.66%\">\n<p>La <strong>taille de cohabitation<\/strong> permet de concilier la pr\u00e9sence des arbres avec les contraintes humaines.<\/p>\n\n\n\n<p>Elle comprend :<\/p>\n\n\n\n<ul class=\"wp-block-list\">\n<li>la r\u00e9duction de branches au-dessus des toitures<\/li>\n\n\n\n<li>le d\u00e9gagement autour des \u00e9clairages (cand\u00e9labres)<\/li>\n\n\n\n<li>le relevage de couronne pour faciliter le passage<\/li>\n<\/ul>\n\n\n\n<p>Cette intervention est essentielle pour garantir une <strong>cohabitation harmonieuse entre arbre et habitat<\/strong>.<\/p>\n<\/div>\n<\/div>\n<\/div>\n<\/div>\n<\/div>\n<\/div>\n<\/div>\n\n\n\n<div data-wp-context=\"{ &quot;autoclose&quot;: false, &quot;accordionItems&quot;: [] }\" data-wp-interactive=\"core\/accordion\" role=\"group\" class=\"wp-block-accordion is-layout-flow wp-block-accordion-is-layout-flow\">\n<div data-wp-class--is-open=\"state.isOpen\" data-wp-context=\"{ &quot;id&quot;: &quot;accordion-item-4&quot;, &quot;openByDefault&quot;: false }\" data-wp-init=\"callbacks.initAccordionItems\" data-wp-on-window--hashchange=\"callbacks.hashChange\" class=\"wp-block-accordion-item is-layout-flow wp-block-accordion-item-is-layout-flow\">\n<h3 class=\"wp-block-accordion-heading\"><button aria-expanded=\"false\" aria-controls=\"accordion-item-4-panel\" data-wp-bind--aria-expanded=\"state.isOpen\" data-wp-on--click=\"actions.toggle\" data-wp-on--keydown=\"actions.handleKeyDown\" id=\"accordion-item-4\" type=\"button\" class=\"wp-block-accordion-heading__toggle\"><span class=\"wp-block-accordion-heading__toggle-title\">La taille de s\u00e9curisation : pr\u00e9venir les risques<\/span><span class=\"wp-block-accordion-heading__toggle-icon\" aria-hidden=\"true\">+<\/span><\/button><\/h3>\n\n\n\n<div inert aria-labelledby=\"accordion-item-4\" data-wp-bind--inert=\"!state.isOpen\" id=\"accordion-item-4-panel\" role=\"region\" class=\"wp-block-accordion-panel is-layout-flow wp-block-accordion-panel-is-layout-flow\">\n<p class=\"has-text-align-left\">La <strong>taille de s\u00e9curisation<\/strong> est indispensable pour assurer la s\u00e9curit\u00e9 des personnes et des biens.<\/p>\n\n\n\n<p class=\"has-text-align-left\">Elle consiste \u00e0 :<\/p>\n\n\n\n<ul class=\"wp-block-list\">\n<li>supprimer le bois mort<\/li>\n\n\n\n<li>enlever les branches dangereuses ou fragilis\u00e9es<\/li>\n\n\n\n<li>anticiper les chutes et les risques li\u00e9s aux intemp\u00e9ries<\/li>\n<\/ul>\n\n\n\n<p>Chaque intervention inclut un <strong>diagnostic de l\u2019\u00e9tat sanitaire de l\u2019arbre<\/strong> r\u00e9alis\u00e9 par un \u00e9lagueur professionnel.<\/p>\n\n\n\n<div class=\"wp-block-columns is-layout-flex wp-container-core-columns-is-layout-9d6595d7 wp-block-columns-is-layout-flex\">\n<div class=\"wp-block-column is-layout-flow wp-block-column-is-layout-flow\"><div class=\"wp-block-image\">\n<figure class=\"aligncenter size-full is-resized\"><a href=\"http:\/\/duodesarbres.fr\/wp-content\/uploads\/2026\/04\/13.jpg\"><img loading=\"lazy\" decoding=\"async\" width=\"600\" height=\"802\" src=\"http:\/\/duodesarbres.fr\/wp-content\/uploads\/2026\/04\/13.jpg\" alt=\"\" class=\"wp-image-373\" style=\"aspect-ratio:0.7481342486225898;width:296px;height:auto\" srcset=\"https:\/\/duodesarbres.fr\/wp-content\/uploads\/2026\/04\/13.jpg 600w, https:\/\/duodesarbres.fr\/wp-content\/uploads\/2026\/04\/13-224x300.jpg 224w\" sizes=\"auto, (max-width: 600px) 100vw, 600px\" \/><\/a><\/figure>\n<\/div><\/div>\n\n\n\n<div class=\"wp-block-column is-layout-flow wp-block-column-is-layout-flow\"><div class=\"wp-block-image\">\n<figure class=\"aligncenter size-full is-resized\"><a href=\"http:\/\/duodesarbres.fr\/wp-content\/uploads\/2026\/04\/IMG_20250227_121047.jpg\"><img loading=\"lazy\" decoding=\"async\" width=\"600\" height=\"802\" src=\"http:\/\/duodesarbres.fr\/wp-content\/uploads\/2026\/04\/IMG_20250227_121047.jpg\" alt=\"\" class=\"wp-image-377\" style=\"aspect-ratio:0.7481342486225898;width:297px;height:auto\" srcset=\"https:\/\/duodesarbres.fr\/wp-content\/uploads\/2026\/04\/IMG_20250227_121047.jpg 600w, https:\/\/duodesarbres.fr\/wp-content\/uploads\/2026\/04\/IMG_20250227_121047-224x300.jpg 224w\" sizes=\"auto, (max-width: 600px) 100vw, 600px\" \/><\/a><\/figure>\n<\/div><\/div>\n<\/div>\n<\/div>\n<\/div>\n<\/div>\n\n\n\n<div data-wp-context=\"{ &quot;autoclose&quot;: false, &quot;accordionItems&quot;: [] }\" data-wp-interactive=\"core\/accordion\" role=\"group\" class=\"wp-block-accordion is-layout-flow wp-block-accordion-is-layout-flow\">\n<div data-wp-class--is-open=\"state.isOpen\" data-wp-context=\"{ &quot;id&quot;: &quot;accordion-item-6&quot;, &quot;openByDefault&quot;: false }\" data-wp-init=\"callbacks.initAccordionItems\" data-wp-on-window--hashchange=\"callbacks.hashChange\" class=\"wp-block-accordion-item is-layout-flow wp-block-accordion-item-is-layout-flow\">\n<h3 class=\"wp-block-accordion-heading\"><button aria-expanded=\"false\" aria-controls=\"accordion-item-6-panel\" data-wp-bind--aria-expanded=\"state.isOpen\" data-wp-on--click=\"actions.toggle\" data-wp-on--keydown=\"actions.handleKeyDown\" id=\"accordion-item-6\" type=\"button\" class=\"wp-block-accordion-heading__toggle\"><span class=\"wp-block-accordion-heading__toggle-title\">La taille d\u2019entretien : un suivi r\u00e9gulier des arbres<\/span><span class=\"wp-block-accordion-heading__toggle-icon\" aria-hidden=\"true\">+<\/span><\/button><\/h3>\n\n\n\n<div inert aria-labelledby=\"accordion-item-6\" data-wp-bind--inert=\"!state.isOpen\" id=\"accordion-item-6-panel\" role=\"region\" class=\"wp-block-accordion-panel is-layout-flow wp-block-accordion-panel-is-layout-flow\">\n<p>La <strong>taille d\u2019entretien des arbres<\/strong> permet de maintenir leur forme et leur bonne sant\u00e9 sur le long terme.<\/p>\n\n\n\n<p>Elle regroupe :<\/p>\n\n\n\n<ul class=\"wp-block-list\">\n<li>les tailles cycliques (trognes, t\u00eates de chat) tous les 2 \u00e0 5 ans<\/li>\n\n\n\n<li>les tailles annuelles (rideaux, formes architectur\u00e9es)<\/li>\n<\/ul>\n\n\n\n<p>Un entretien r\u00e9gulier garantit des arbres <strong>plus r\u00e9sistants, esth\u00e9tiques et s\u00e9curis\u00e9s<\/strong>.<\/p>\n\n\n\n<figure class=\"wp-block-gallery has-nested-images columns-default is-cropped wp-block-gallery-5 is-layout-flex wp-block-gallery-is-layout-flex\">\n<figure class=\"wp-block-image size-full\"><a href=\"http:\/\/duodesarbres.fr\/wp-content\/uploads\/2026\/04\/07.jpg\"><img loading=\"lazy\" decoding=\"async\" width=\"800\" height=\"601\" data-id=\"311\" src=\"http:\/\/duodesarbres.fr\/wp-content\/uploads\/2026\/04\/07.jpg\" alt=\"\" class=\"wp-image-311\" srcset=\"https:\/\/duodesarbres.fr\/wp-content\/uploads\/2026\/04\/07.jpg 800w, https:\/\/duodesarbres.fr\/wp-content\/uploads\/2026\/04\/07-300x225.jpg 300w, https:\/\/duodesarbres.fr\/wp-content\/uploads\/2026\/04\/07-768x577.jpg 768w\" sizes=\"auto, (max-width: 800px) 100vw, 800px\" \/><\/a><\/figure>\n\n\n\n<figure class=\"wp-block-image size-full\"><a href=\"http:\/\/duodesarbres.fr\/wp-content\/uploads\/2026\/04\/09.jpg\"><img loading=\"lazy\" decoding=\"async\" width=\"800\" height=\"601\" data-id=\"309\" src=\"http:\/\/duodesarbres.fr\/wp-content\/uploads\/2026\/04\/09.jpg\" alt=\"\" class=\"wp-image-309\" srcset=\"https:\/\/duodesarbres.fr\/wp-content\/uploads\/2026\/04\/09.jpg 800w, https:\/\/duodesarbres.fr\/wp-content\/uploads\/2026\/04\/09-300x225.jpg 300w, https:\/\/duodesarbres.fr\/wp-content\/uploads\/2026\/04\/09-768x577.jpg 768w\" sizes=\"auto, (max-width: 800px) 100vw, 800px\" \/><\/a><\/figure>\n<\/figure>\n<\/div>\n<\/div>\n<\/div>\n","protected":false},"excerpt":{"rendered":"<p>Chez Duo des Arbres, nous sommes sp\u00e9cialis\u00e9s en \u00e9lagage d\u2019arbres en Sarthe et en taille raisonn\u00e9e.Notre approche respecte le cycle biologique de l\u2019arbre, sa sant\u00e9 et son environnement. Nous privil\u00e9gions des techniques d\u2019\u00e9lagage durable, en limitant les tailles s\u00e9v\u00e8res au profit d\u2019interventions adapt\u00e9es, r\u00e9alis\u00e9es au bon moment de l\u2019ann\u00e9e. Les tailles: quelles diff\u00e9rences? .<\/p>\n","protected":false},"author":1,"featured_media":0,"parent":189,"menu_order":0,"comment_status":"closed","ping_status":"closed","template":"","meta":{"ocean_post_layout":"","ocean_both_sidebars_style":"","ocean_both_sidebars_content_width":0,"ocean_both_sidebars_sidebars_width":0,"ocean_sidebar":"","ocean_second_sidebar":"","ocean_disable_margins":"enable","ocean_add_body_class":"","ocean_shortcode_before_top_bar":"","ocean_shortcode_after_top_bar":"","ocean_shortcode_before_header":"","ocean_shortcode_after_header":"","ocean_has_shortcode":"","ocean_shortcode_after_title":"","ocean_shortcode_before_footer_widgets":"","ocean_shortcode_after_footer_widgets":"","ocean_shortcode_before_footer_bottom":"","ocean_shortcode_after_footer_bottom":"","ocean_display_top_bar":"default","ocean_display_header":"default","ocean_header_style":"","ocean_center_header_left_menu":"","ocean_custom_header_template":"","ocean_custom_logo":0,"ocean_custom_retina_logo":0,"ocean_custom_logo_max_width":0,"ocean_custom_logo_tablet_max_width":0,"ocean_custom_logo_mobile_max_width":0,"ocean_custom_logo_max_height":0,"ocean_custom_logo_tablet_max_height":0,"ocean_custom_logo_mobile_max_height":0,"ocean_header_custom_menu":"","ocean_menu_typo_font_family":"","ocean_menu_typo_font_subset":"","ocean_menu_typo_font_size":0,"ocean_menu_typo_font_size_tablet":0,"ocean_menu_typo_font_size_mobile":0,"ocean_menu_typo_font_size_unit":"px","ocean_menu_typo_font_weight":"","ocean_menu_typo_font_weight_tablet":"","ocean_menu_typo_font_weight_mobile":"","ocean_menu_typo_transform":"","ocean_menu_typo_transform_tablet":"","ocean_menu_typo_transform_mobile":"","ocean_menu_typo_line_height":0,"ocean_menu_typo_line_height_tablet":0,"ocean_menu_typo_line_height_mobile":0,"ocean_menu_typo_line_height_unit":"","ocean_menu_typo_spacing":0,"ocean_menu_typo_spacing_tablet":0,"ocean_menu_typo_spacing_mobile":0,"ocean_menu_typo_spacing_unit":"","ocean_menu_link_color":"","ocean_menu_link_color_hover":"","ocean_menu_link_color_active":"","ocean_menu_link_background":"","ocean_menu_link_hover_background":"","ocean_menu_link_active_background":"","ocean_menu_social_links_bg":"","ocean_menu_social_hover_links_bg":"","ocean_menu_social_links_color":"","ocean_menu_social_hover_links_color":"","ocean_disable_title":"on","ocean_disable_heading":"default","ocean_post_title":"","ocean_post_subheading":"","ocean_post_title_style":"","ocean_post_title_background_color":"","ocean_post_title_background":0,"ocean_post_title_bg_image_position":"","ocean_post_title_bg_image_attachment":"","ocean_post_title_bg_image_repeat":"","ocean_post_title_bg_image_size":"","ocean_post_title_height":0,"ocean_post_title_bg_overlay":0.5,"ocean_post_title_bg_overlay_color":"","ocean_disable_breadcrumbs":"default","ocean_breadcrumbs_color":"","ocean_breadcrumbs_separator_color":"","ocean_breadcrumbs_links_color":"","ocean_breadcrumbs_links_hover_color":"","ocean_display_footer_widgets":"default","ocean_display_footer_bottom":"default","ocean_custom_footer_template":"","footnotes":""},"class_list":["post-19","page","type-page","status-publish","hentry","entry"],"yoast_head":"<!-- This site is optimized with the Yoast SEO plugin v27.4 - https:\/\/yoast.com\/product\/yoast-seo-wordpress\/ -->\n<title>\u00e9lagage - duo des arbres<\/title>\n<meta name=\"robots\" content=\"index, follow, max-snippet:-1, max-image-preview:large, max-video-preview:-1\" \/>\n<link rel=\"canonical\" href=\"https:\/\/duodesarbres.fr\/index.php\/nos-services\/elagage\/\" \/>\n<meta property=\"og:locale\" content=\"fr_FR\" \/>\n<meta property=\"og:type\" content=\"article\" \/>\n<meta property=\"og:title\" content=\"\u00e9lagage - duo des arbres\" \/>\n<meta property=\"og:description\" content=\"Chez Duo des Arbres, nous sommes sp\u00e9cialis\u00e9s en \u00e9lagage d\u2019arbres en Sarthe et en taille raisonn\u00e9e.Notre approche respecte le cycle biologique de l\u2019arbre, sa sant\u00e9 et son environnement. Nous privil\u00e9gions des techniques d\u2019\u00e9lagage durable, en limitant les tailles s\u00e9v\u00e8res au profit d\u2019interventions adapt\u00e9es, r\u00e9alis\u00e9es au bon moment de l\u2019ann\u00e9e. Les tailles: quelles diff\u00e9rences? .\" \/>\n<meta property=\"og:url\" content=\"https:\/\/duodesarbres.fr\/index.php\/nos-services\/elagage\/\" \/>\n<meta property=\"og:site_name\" content=\"duo des arbres\" \/>\n<meta property=\"article:modified_time\" content=\"2026-04-13T08:43:38+00:00\" \/>\n<meta property=\"og:image\" content=\"http:\/\/duodesarbres.fr\/wp-content\/uploads\/2026\/04\/60.jpg\" \/>\n<meta name=\"twitter:card\" content=\"summary_large_image\" \/>\n<meta name=\"twitter:label1\" content=\"Dur\u00e9e de lecture estim\u00e9e\" \/>\n\t<meta name=\"twitter:data1\" content=\"3 minutes\" \/>\n<script type=\"application\/ld+json\" class=\"yoast-schema-graph\">{\"@context\":\"https:\\\/\\\/schema.org\",\"@graph\":[{\"@type\":\"WebPage\",\"@id\":\"https:\\\/\\\/duodesarbres.fr\\\/index.php\\\/nos-services\\\/elagage\\\/\",\"url\":\"https:\\\/\\\/duodesarbres.fr\\\/index.php\\\/nos-services\\\/elagage\\\/\",\"name\":\"\u00e9lagage - duo des arbres\",\"isPartOf\":{\"@id\":\"http:\\\/\\\/duodesarbres.fr\\\/#website\"},\"primaryImageOfPage\":{\"@id\":\"https:\\\/\\\/duodesarbres.fr\\\/index.php\\\/nos-services\\\/elagage\\\/#primaryimage\"},\"image\":{\"@id\":\"https:\\\/\\\/duodesarbres.fr\\\/index.php\\\/nos-services\\\/elagage\\\/#primaryimage\"},\"thumbnailUrl\":\"http:\\\/\\\/duodesarbres.fr\\\/wp-content\\\/uploads\\\/2026\\\/04\\\/60.jpg\",\"datePublished\":\"2026-03-19T14:14:40+00:00\",\"dateModified\":\"2026-04-13T08:43:38+00:00\",\"breadcrumb\":{\"@id\":\"https:\\\/\\\/duodesarbres.fr\\\/index.php\\\/nos-services\\\/elagage\\\/#breadcrumb\"},\"inLanguage\":\"fr-FR\",\"potentialAction\":[{\"@type\":\"ReadAction\",\"target\":[\"https:\\\/\\\/duodesarbres.fr\\\/index.php\\\/nos-services\\\/elagage\\\/\"]}]},{\"@type\":\"ImageObject\",\"inLanguage\":\"fr-FR\",\"@id\":\"https:\\\/\\\/duodesarbres.fr\\\/index.php\\\/nos-services\\\/elagage\\\/#primaryimage\",\"url\":\"http:\\\/\\\/duodesarbres.fr\\\/wp-content\\\/uploads\\\/2026\\\/04\\\/60.jpg\",\"contentUrl\":\"http:\\\/\\\/duodesarbres.fr\\\/wp-content\\\/uploads\\\/2026\\\/04\\\/60.jpg\"},{\"@type\":\"BreadcrumbList\",\"@id\":\"https:\\\/\\\/duodesarbres.fr\\\/index.php\\\/nos-services\\\/elagage\\\/#breadcrumb\",\"itemListElement\":[{\"@type\":\"ListItem\",\"position\":1,\"name\":\"Accueil\",\"item\":\"http:\\\/\\\/duodesarbres.fr\\\/\"},{\"@type\":\"ListItem\",\"position\":2,\"name\":\"nos services\",\"item\":\"https:\\\/\\\/duodesarbres.fr\\\/index.php\\\/nos-services\\\/\"},{\"@type\":\"ListItem\",\"position\":3,\"name\":\"\u00e9lagage\"}]},{\"@type\":\"WebSite\",\"@id\":\"http:\\\/\\\/duodesarbres.fr\\\/#website\",\"url\":\"http:\\\/\\\/duodesarbres.fr\\\/\",\"name\":\"duo des arbres\",\"description\":\"\u00e9lagage raisonn\u00e9, un avenir enracin\u00e9.\",\"publisher\":{\"@id\":\"http:\\\/\\\/duodesarbres.fr\\\/#organization\"},\"potentialAction\":[{\"@type\":\"SearchAction\",\"target\":{\"@type\":\"EntryPoint\",\"urlTemplate\":\"http:\\\/\\\/duodesarbres.fr\\\/?s={search_term_string}\"},\"query-input\":{\"@type\":\"PropertyValueSpecification\",\"valueRequired\":true,\"valueName\":\"search_term_string\"}}],\"inLanguage\":\"fr-FR\"},{\"@type\":\"Organization\",\"@id\":\"http:\\\/\\\/duodesarbres.fr\\\/#organization\",\"name\":\"duo des arbres\",\"url\":\"http:\\\/\\\/duodesarbres.fr\\\/\",\"logo\":{\"@type\":\"ImageObject\",\"inLanguage\":\"fr-FR\",\"@id\":\"http:\\\/\\\/duodesarbres.fr\\\/#\\\/schema\\\/logo\\\/image\\\/\",\"url\":\"https:\\\/\\\/duodesarbres.fr\\\/wp-content\\\/uploads\\\/2026\\\/04\\\/Duo-des-arbres.png\",\"contentUrl\":\"https:\\\/\\\/duodesarbres.fr\\\/wp-content\\\/uploads\\\/2026\\\/04\\\/Duo-des-arbres.png\",\"width\":800,\"height\":808,\"caption\":\"duo des arbres\"},\"image\":{\"@id\":\"http:\\\/\\\/duodesarbres.fr\\\/#\\\/schema\\\/logo\\\/image\\\/\"}}]}<\/script>\n<!-- \/ Yoast SEO plugin. -->","yoast_head_json":{"title":"\u00e9lagage - duo des arbres","robots":{"index":"index","follow":"follow","max-snippet":"max-snippet:-1","max-image-preview":"max-image-preview:large","max-video-preview":"max-video-preview:-1"},"canonical":"https:\/\/duodesarbres.fr\/index.php\/nos-services\/elagage\/","og_locale":"fr_FR","og_type":"article","og_title":"\u00e9lagage - duo des arbres","og_description":"Chez Duo des Arbres, nous sommes sp\u00e9cialis\u00e9s en \u00e9lagage d\u2019arbres en Sarthe et en taille raisonn\u00e9e.Notre approche respecte le cycle biologique de l\u2019arbre, sa sant\u00e9 et son environnement. Nous privil\u00e9gions des techniques d\u2019\u00e9lagage durable, en limitant les tailles s\u00e9v\u00e8res au profit d\u2019interventions adapt\u00e9es, r\u00e9alis\u00e9es au bon moment de l\u2019ann\u00e9e. Les tailles: quelles diff\u00e9rences? .","og_url":"https:\/\/duodesarbres.fr\/index.php\/nos-services\/elagage\/","og_site_name":"duo des arbres","article_modified_time":"2026-04-13T08:43:38+00:00","og_image":[{"url":"http:\/\/duodesarbres.fr\/wp-content\/uploads\/2026\/04\/60.jpg","type":"","width":"","height":""}],"twitter_card":"summary_large_image","twitter_misc":{"Dur\u00e9e de lecture estim\u00e9e":"3 minutes"},"schema":{"@context":"https:\/\/schema.org","@graph":[{"@type":"WebPage","@id":"https:\/\/duodesarbres.fr\/index.php\/nos-services\/elagage\/","url":"https:\/\/duodesarbres.fr\/index.php\/nos-services\/elagage\/","name":"\u00e9lagage - duo des arbres","isPartOf":{"@id":"http:\/\/duodesarbres.fr\/#website"},"primaryImageOfPage":{"@id":"https:\/\/duodesarbres.fr\/index.php\/nos-services\/elagage\/#primaryimage"},"image":{"@id":"https:\/\/duodesarbres.fr\/index.php\/nos-services\/elagage\/#primaryimage"},"thumbnailUrl":"http:\/\/duodesarbres.fr\/wp-content\/uploads\/2026\/04\/60.jpg","datePublished":"2026-03-19T14:14:40+00:00","dateModified":"2026-04-13T08:43:38+00:00","breadcrumb":{"@id":"https:\/\/duodesarbres.fr\/index.php\/nos-services\/elagage\/#breadcrumb"},"inLanguage":"fr-FR","potentialAction":[{"@type":"ReadAction","target":["https:\/\/duodesarbres.fr\/index.php\/nos-services\/elagage\/"]}]},{"@type":"ImageObject","inLanguage":"fr-FR","@id":"https:\/\/duodesarbres.fr\/index.php\/nos-services\/elagage\/#primaryimage","url":"http:\/\/duodesarbres.fr\/wp-content\/uploads\/2026\/04\/60.jpg","contentUrl":"http:\/\/duodesarbres.fr\/wp-content\/uploads\/2026\/04\/60.jpg"},{"@type":"BreadcrumbList","@id":"https:\/\/duodesarbres.fr\/index.php\/nos-services\/elagage\/#breadcrumb","itemListElement":[{"@type":"ListItem","position":1,"name":"Accueil","item":"http:\/\/duodesarbres.fr\/"},{"@type":"ListItem","position":2,"name":"nos services","item":"https:\/\/duodesarbres.fr\/index.php\/nos-services\/"},{"@type":"ListItem","position":3,"name":"\u00e9lagage"}]},{"@type":"WebSite","@id":"http:\/\/duodesarbres.fr\/#website","url":"http:\/\/duodesarbres.fr\/","name":"duo des arbres","description":"\u00e9lagage raisonn\u00e9, un avenir enracin\u00e9.","publisher":{"@id":"http:\/\/duodesarbres.fr\/#organization"},"potentialAction":[{"@type":"SearchAction","target":{"@type":"EntryPoint","urlTemplate":"http:\/\/duodesarbres.fr\/?s={search_term_string}"},"query-input":{"@type":"PropertyValueSpecification","valueRequired":true,"valueName":"search_term_string"}}],"inLanguage":"fr-FR"},{"@type":"Organization","@id":"http:\/\/duodesarbres.fr\/#organization","name":"duo des arbres","url":"http:\/\/duodesarbres.fr\/","logo":{"@type":"ImageObject","inLanguage":"fr-FR","@id":"http:\/\/duodesarbres.fr\/#\/schema\/logo\/image\/","url":"https:\/\/duodesarbres.fr\/wp-content\/uploads\/2026\/04\/Duo-des-arbres.png","contentUrl":"https:\/\/duodesarbres.fr\/wp-content\/uploads\/2026\/04\/Duo-des-arbres.png","width":800,"height":808,"caption":"duo des arbres"},"image":{"@id":"http:\/\/duodesarbres.fr\/#\/schema\/logo\/image\/"}}]}},"_links":{"self":[{"href":"https:\/\/duodesarbres.fr\/index.php\/wp-json\/wp\/v2\/pages\/19","targetHints":{"allow":["GET"]}}],"collection":[{"href":"https:\/\/duodesarbres.fr\/index.php\/wp-json\/wp\/v2\/pages"}],"about":[{"href":"https:\/\/duodesarbres.fr\/index.php\/wp-json\/wp\/v2\/types\/page"}],"author":[{"embeddable":true,"href":"https:\/\/duodesarbres.fr\/index.php\/wp-json\/wp\/v2\/users\/1"}],"replies":[{"embeddable":true,"href":"https:\/\/duodesarbres.fr\/index.php\/wp-json\/wp\/v2\/comments?post=19"}],"version-history":[{"count":12,"href":"https:\/\/duodesarbres.fr\/index.php\/wp-json\/wp\/v2\/pages\/19\/revisions"}],"predecessor-version":[{"id":413,"href":"https:\/\/duodesarbres.fr\/index.php\/wp-json\/wp\/v2\/pages\/19\/revisions\/413"}],"up":[{"embeddable":true,"href":"https:\/\/duodesarbres.fr\/index.php\/wp-json\/wp\/v2\/pages\/189"}],"wp:attachment":[{"href":"https:\/\/duodesarbres.fr\/index.php\/wp-json\/wp\/v2\/media?parent=19"}],"curies":[{"name":"wp","href":"https:\/\/api.w.org\/{rel}","templated":true}]}}