{"id":27,"date":"2026-03-19T15:40:49","date_gmt":"2026-03-19T14:40:49","guid":{"rendered":"https:\/\/duodesarbres.fr\/?page_id=27"},"modified":"2026-04-13T12:14:37","modified_gmt":"2026-04-13T10:14:37","slug":"nos-engagements","status":"publish","type":"page","link":"https:\/\/duodesarbres.fr\/index.php\/nos-engagements\/","title":{"rendered":"nos engagements"},"content":{"rendered":"\n<p>Nos engagements en faveur du bon traitement des arbres, de l&rsquo;environnement, et la protection de nos collaborateurs, est comme une charte de qualit\u00e9s que nous nous mettons en \u0153uvre pour proposer une intervention de qualit\u00e9<\/p>\n\n\n\n<hr class=\"wp-block-separator has-alpha-channel-opacity\"\/>\n\n\n\n<p class=\"has-medium-font-size\"><em>Respecter la saisonnalit\u00e9 des arbres :<\/em><\/p>\n\n\n\n<p>Les arbres ne r\u00e9agissent pas de la m\u00eame fa\u00e7on tout au long de l&rsquo;ann\u00e9e, c&rsquo;est pourquoi duo des arbres vous propose des dates en fonction des travaux a r\u00e9alis\u00e9.<\/p>\n\n\n\n<div class=\"wp-block-columns is-layout-flex wp-container-core-columns-is-layout-9d6595d7 wp-block-columns-is-layout-flex\">\n<div class=\"wp-block-column is-layout-flow wp-block-column-is-layout-flow\" style=\"flex-basis:66.66%\">\n<p class=\"has-medium-font-size\"><em>Privil\u00e9gier la taille \u00e0 l\u2019abattage:<\/em><\/p>\n\n\n\n<p>Les v\u00e9g\u00e9taux sont des \u00eatre vivant fragile, par cons\u00e9quent notre patrimoine arbor\u00e9 l&rsquo;es aussi, ainsi en privil\u00e9giant la conservation, on assure un maintien de notre beau patrimoine arbor\u00e9.<\/p>\n\n\n\n<p class=\"has-medium-font-size\"><em>Pr\u00e9f\u00e8re les tailles dites \u00ab&nbsp;douce&nbsp;\u00bb aux tailles \u00ab&nbsp;s\u00e9v\u00e8res&nbsp;\u00bb :<\/em><\/p>\n\n\n\n<p>La taille s\u00e9v\u00e8re est une intervention drastique qui consiste \u00e0 supprimer de larges portions du houppier ou \u00e0 r\u00e9duire drastiquement la hauteur des arbres. Cette pratique traumatisante compromet durablement la sant\u00e9 et la stabilit\u00e9 des v\u00e9g\u00e9taux. C&rsquo;est pourquoi nous pr\u00e9f\u00e9rons effectuer des taille dites \u00a0\u00bb douces\u00a0\u00bb et plus respectueuses de la physiologie arboricole.<\/p>\n\n\n\n<p class=\"has-medium-font-size\"><em>Aucune utilisation des \u00ab&nbsp;griffes de d\u00e9montage&nbsp;\u00bb sur les arbres pendant les tailles :<\/em><\/p>\n\n\n\n<p>Ce sont des outils que le grimpeur fixe a ses pieds, cela cr\u00e9e une petite blessure \u00e0 chaque pas, nous interdisons l&rsquo;utilisation de ces outils pour tout les taille, elles ne seront utilis\u00e9es que lorsque le sujet serait au final abattu.<\/p>\n<\/div>\n\n\n\n<div class=\"wp-block-column is-vertically-aligned-center is-layout-flow wp-block-column-is-layout-flow\" style=\"flex-basis:33.33%\">\n<div class=\"alignnormal\"><div id=\"metaslider-id-446\" style=\"width: 100%;\" class=\"ml-slider-3-107-0 metaslider metaslider-flex metaslider-446 ml-slider has-dots-nav has-carousel-mode ms-theme-default-base\" role=\"region\" aria-label=\"taille douces\/servres\" data-height=\"800\" data-width=\"800\">\n    <div id=\"metaslider_container_446\">\n        <div id=\"metaslider_446\">\n            <ul aria-live='off' class='slides'>\n                <li style=\"display: none; width: 100%;\" class=\"slide-448 ms-image \" aria-roledescription=\"slide\" data-date=\"2026-04-13 11:25:31\" data-filename=\"10-600x600.jpg\" data-slide-type=\"image\"><img loading=\"lazy\" decoding=\"async\" src=\"https:\/\/duodesarbres.fr\/wp-content\/uploads\/2026\/04\/10-600x600.jpg\" height=\"800\" width=\"800\" alt=\"\" class=\"slider-446 slide-448 msDefaultImage\" title=\"10\" \/><\/li>\n                <li style=\"display: none; width: 100%;\" class=\"slide-449 ms-image \" aria-roledescription=\"slide\" data-date=\"2026-04-13 11:26:17\" data-filename=\"60-1-530x530.jpg\" data-slide-type=\"image\"><img loading=\"lazy\" decoding=\"async\" src=\"https:\/\/duodesarbres.fr\/wp-content\/uploads\/2026\/04\/60-1-530x530.jpg\" height=\"800\" width=\"800\" alt=\"\" class=\"slider-446 slide-449 msDefaultImage\" title=\"60\" \/><\/li>\n            <\/ul>\n        <\/div>\n        \n    <\/div>\n<\/div><\/div>\n<\/div>\n<\/div>\n\n\n\n<p class=\"has-medium-font-size\"><em>D\u00e9sinfection du mat\u00e9riel de coupe r\u00e9guli\u00e8re :<\/em><\/p>\n\n\n\n<p>Le mat\u00e9riel de coupe est en contact direct avec toutes les parties du v\u00e9g\u00e9tal, c&rsquo;est pourquoi il peut \u00eatre contamin\u00e9 par diff\u00e9rent pathog\u00e8ne et ainsi les diss\u00e9miner.<\/p>\n\n\n\n<hr class=\"wp-block-separator has-alpha-channel-opacity\"\/>\n\n\n\n<p class=\"has-medium-font-size\"><em>vous proposer la transformation et la valorisation des d\u00e9chets:<\/em><\/p>\n\n\n\n<p>Afin de limiter l&#8217;empreinte carbone, nous r\u00e9fl\u00e9chissons \u00e0 vous proposer des valorisations de vos d\u00e9chets les plus innovantes.<\/p>\n\n\n\n<figure class=\"wp-block-gallery has-nested-images columns-default is-cropped wp-block-gallery-1 is-layout-flex wp-block-gallery-is-layout-flex\">\n<figure class=\"wp-block-image size-large\"><a href=\"http:\/\/duodesarbres.fr\/wp-content\/uploads\/2026\/04\/IMG_20250301_171147.jpg\"><img loading=\"lazy\" decoding=\"async\" width=\"800\" height=\"601\" data-id=\"357\" src=\"http:\/\/duodesarbres.fr\/wp-content\/uploads\/2026\/04\/IMG_20250301_171147.jpg\" alt=\"\" class=\"wp-image-357\" srcset=\"https:\/\/duodesarbres.fr\/wp-content\/uploads\/2026\/04\/IMG_20250301_171147.jpg 800w, https:\/\/duodesarbres.fr\/wp-content\/uploads\/2026\/04\/IMG_20250301_171147-300x225.jpg 300w, https:\/\/duodesarbres.fr\/wp-content\/uploads\/2026\/04\/IMG_20250301_171147-768x577.jpg 768w\" sizes=\"auto, (max-width: 800px) 100vw, 800px\" \/><\/a><\/figure>\n\n\n\n<figure class=\"wp-block-image size-large\"><a href=\"http:\/\/duodesarbres.fr\/wp-content\/uploads\/2026\/04\/IMG_20200619_170038.jpg\"><img loading=\"lazy\" decoding=\"async\" width=\"800\" height=\"601\" data-id=\"358\" src=\"http:\/\/duodesarbres.fr\/wp-content\/uploads\/2026\/04\/IMG_20200619_170038.jpg\" alt=\"\" class=\"wp-image-358\" srcset=\"https:\/\/duodesarbres.fr\/wp-content\/uploads\/2026\/04\/IMG_20200619_170038.jpg 800w, https:\/\/duodesarbres.fr\/wp-content\/uploads\/2026\/04\/IMG_20200619_170038-300x225.jpg 300w, https:\/\/duodesarbres.fr\/wp-content\/uploads\/2026\/04\/IMG_20200619_170038-768x577.jpg 768w\" sizes=\"auto, (max-width: 800px) 100vw, 800px\" \/><\/a><\/figure>\n\n\n\n<figure class=\"wp-block-image size-full\"><a href=\"http:\/\/duodesarbres.fr\/wp-content\/uploads\/2026\/04\/30.jpg\"><img loading=\"lazy\" decoding=\"async\" width=\"800\" height=\"603\" data-id=\"363\" src=\"http:\/\/duodesarbres.fr\/wp-content\/uploads\/2026\/04\/30.jpg\" alt=\"\" class=\"wp-image-363\" srcset=\"https:\/\/duodesarbres.fr\/wp-content\/uploads\/2026\/04\/30.jpg 800w, https:\/\/duodesarbres.fr\/wp-content\/uploads\/2026\/04\/30-300x226.jpg 300w, https:\/\/duodesarbres.fr\/wp-content\/uploads\/2026\/04\/30-768x579.jpg 768w\" sizes=\"auto, (max-width: 800px) 100vw, 800px\" \/><\/a><\/figure>\n<\/figure>\n\n\n\n<div style=\"height:42px\" aria-hidden=\"true\" class=\"wp-block-spacer\"><\/div>\n\n\n\n<div class=\"wp-block-columns is-layout-flex wp-container-core-columns-is-layout-9d6595d7 wp-block-columns-is-layout-flex\">\n<div class=\"wp-block-column is-layout-flow wp-block-column-is-layout-flow\" style=\"flex-basis:33.33%\">\n<div class=\"wp-block-group is-nowrap is-layout-flex wp-container-core-group-is-layout-ad2f72ca wp-block-group-is-layout-flex\">\n<figure class=\"wp-block-image size-full\"><img loading=\"lazy\" decoding=\"async\" width=\"600\" height=\"802\" src=\"http:\/\/duodesarbres.fr\/wp-content\/uploads\/2026\/04\/IMG_20240314_141810.jpg\" alt=\"\" class=\"wp-image-509\" srcset=\"https:\/\/duodesarbres.fr\/wp-content\/uploads\/2026\/04\/IMG_20240314_141810.jpg 600w, https:\/\/duodesarbres.fr\/wp-content\/uploads\/2026\/04\/IMG_20240314_141810-224x300.jpg 224w\" sizes=\"auto, (max-width: 600px) 100vw, 600px\" \/><\/figure>\n\n\n\n<figure class=\"wp-block-image size-full\"><img loading=\"lazy\" decoding=\"async\" width=\"600\" height=\"802\" src=\"http:\/\/duodesarbres.fr\/wp-content\/uploads\/2026\/04\/IMG_20240619_111819.jpg\" alt=\"\" class=\"wp-image-514\" srcset=\"https:\/\/duodesarbres.fr\/wp-content\/uploads\/2026\/04\/IMG_20240619_111819.jpg 600w, https:\/\/duodesarbres.fr\/wp-content\/uploads\/2026\/04\/IMG_20240619_111819-224x300.jpg 224w\" sizes=\"auto, (max-width: 600px) 100vw, 600px\" \/><\/figure>\n<\/div>\n<\/div>\n\n\n\n<div class=\"wp-block-column is-layout-flow wp-block-column-is-layout-flow\" style=\"flex-basis:66.66%\">\n<p class=\"has-medium-font-size\"><em>Ne d\u00e9truire aucun habitat d\u2019esp\u00e8ce prot\u00e9g\u00e9 :<\/em><\/p>\n\n\n\n<p>Les v\u00e9g\u00e9taux et en particulier les arbres traverse diff\u00e9rentes strates d&rsquo;habitat naturel, ils peuvent \u00eatre colonis\u00e9s par une multitude d&rsquo;animaux, et m\u00eame de v\u00e9g\u00e9taux fragile et sensible<\/p>\n\n\n\n<p class=\"has-medium-font-size\"><em>Pr\u00e9server les nids et cavit\u00e9s pr\u00e9sents :<\/em><\/p>\n\n\n\n<p>Si absolue n\u00e9cessit\u00e9 proc\u00e9der \u00e0 l\u2019enl\u00e8vement hors p\u00e9riode sensible<\/p>\n<\/div>\n<\/div>\n\n\n\n<hr class=\"wp-block-separator has-alpha-channel-opacity\"\/>\n\n\n\n<div class=\"wp-block-columns is-layout-flex wp-container-core-columns-is-layout-9d6595d7 wp-block-columns-is-layout-flex\">\n<div class=\"wp-block-column is-layout-flow wp-block-column-is-layout-flow\" style=\"flex-basis:66.66%\">\n<p class=\"has-medium-font-size\"><em>Privil\u00e8ge l\u2019utilisation de la scie a la tron\u00e7onneuse :<\/em><\/p>\n\n\n\n<p class=\"has-text-align-center\">La tron\u00e7onneuse est un mat\u00e9riel lourd, bruyant, et relativement dangereux lorsque cela est possible, nous pr\u00e9f\u00e9rons utilise la scie.<\/p>\n\n\n\n<p class=\"has-medium-font-size\"><em>Proscrire les huiles de cha\u00eene non-v\u00e9g\u00e9tales :<\/em><\/p>\n\n\n\n<p>Il existe trois types d&rsquo;huile de cha\u00eene : l&rsquo;huile min\u00e9rale, synth\u00e9tique, et les huiles biod\u00e9gradables ; les deux premiers sont issus de la p\u00e9trochimie, soit par recyclage d&rsquo;huile automobile ou de synth\u00e8se seul les huile biod\u00e9gradable sont issu de v\u00e9g\u00e9taux.<\/p>\n<\/div>\n\n\n\n<div class=\"wp-block-column is-layout-flow wp-block-column-is-layout-flow\" style=\"flex-basis:33.33%\"><div class=\"wp-block-image\">\n<figure class=\"aligncenter size-full is-resized\"><img loading=\"lazy\" decoding=\"async\" width=\"600\" height=\"800\" src=\"http:\/\/duodesarbres.fr\/wp-content\/uploads\/2026\/03\/batch_52.jpg\" alt=\"\" class=\"wp-image-113\" style=\"aspect-ratio:0.7499792203474358;width:157px;height:auto\" srcset=\"https:\/\/duodesarbres.fr\/wp-content\/uploads\/2026\/03\/batch_52.jpg 600w, https:\/\/duodesarbres.fr\/wp-content\/uploads\/2026\/03\/batch_52-225x300.jpg 225w\" sizes=\"auto, (max-width: 600px) 100vw, 600px\" \/><\/figure>\n<\/div><\/div>\n<\/div>\n\n\n\n<p class=\"has-medium-font-size\"><em>Favoriser l\u2019utilisation des P.E.M.P. (nacelle) autant que possible, m\u00eame si cela est \u00e9conomiquement moins rentable :<\/em><\/p>\n\n\n\n<p>Les nacelles sont de tr\u00e8s bons outils qui optimisent la s\u00e9curit\u00e9 de fa\u00e7on optimal, cela pr\u00e9serve le physique du grimpeur et facilitent grandement son secours..<\/p>\n\n\n\n<p class=\"has-medium-font-size\"><em>Renouveler le mat\u00e9riel r\u00e9guli\u00e8rement :<\/em><\/p>\n\n\n\n<p>La s\u00e9curit\u00e9 est notre principale pr\u00e9occupation, le mat\u00e9riel \u00e9volue vite, c&rsquo;est pourquoi nous le renouvelons souvent.<\/p>\n\n\n\n<p class=\"has-medium-font-size\"><em>Renouveler l\u2019engagement au Eco d\u00e9fi CMA continuellement :<\/em><\/p>\n\n\n\n<p>La marque Eco-D\u00e9fis\u00ae&nbsp;valorise les entreprises qui mettent en place des actions concr\u00e8tes en faveur de l\u2019environnement autour de 7 th\u00e9matiques :<br>D\u00e9chets, emballages, \u00e9nergie, transport, eau, produits et soci\u00e9tal-durable.<\/p>\n\n\n\n<div class=\"wp-block-cover is-light\" style=\"min-height:174px;aspect-ratio:unset;\"><img loading=\"lazy\" decoding=\"async\" width=\"800\" height=\"167\" class=\"wp-block-cover__image-background wp-image-109 size-full\" alt=\"Banni\u00e8re Eco-defis, car Duo des arbres sont des \u00e9lagueurs engager et responsable.\" src=\"http:\/\/duodesarbres.fr\/wp-content\/uploads\/2026\/03\/batch_2022-SIGNATURE-MAIL.jpg\" style=\"object-position:50% 46%\" data-object-fit=\"cover\" data-object-position=\"50% 46%\" srcset=\"https:\/\/duodesarbres.fr\/wp-content\/uploads\/2026\/03\/batch_2022-SIGNATURE-MAIL.jpg 800w, https:\/\/duodesarbres.fr\/wp-content\/uploads\/2026\/03\/batch_2022-SIGNATURE-MAIL-300x63.jpg 300w, https:\/\/duodesarbres.fr\/wp-content\/uploads\/2026\/03\/batch_2022-SIGNATURE-MAIL-768x160.jpg 768w\" sizes=\"auto, (max-width: 800px) 100vw, 800px\" \/><span aria-hidden=\"true\" class=\"wp-block-cover__background has-background-dim-0 has-background-dim\" style=\"background-color:#d2dace\"><\/span><div class=\"wp-block-cover__inner-container is-layout-constrained wp-block-cover-is-layout-constrained\">\n<p class=\"has-text-align-center has-large-font-size\"><\/p>\n<\/div><\/div>\n\n\n\n<p><\/p>\n","protected":false},"excerpt":{"rendered":"<p>Nos engagements en faveur du bon traitement des arbres, de l&rsquo;environnement, et la protection de nos collaborateurs, est comme une charte de qualit\u00e9s que nous nous mettons en \u0153uvre pour proposer une intervention de qualit\u00e9 Respecter la saisonnalit\u00e9 des arbres : Les arbres ne r\u00e9agissent pas de la m\u00eame fa\u00e7on tout au long de l&rsquo;ann\u00e9e, [&hellip;]<\/p>\n","protected":false},"author":1,"featured_media":0,"parent":0,"menu_order":0,"comment_status":"closed","ping_status":"closed","template":"","meta":{"ocean_post_layout":"","ocean_both_sidebars_style":"","ocean_both_sidebars_content_width":0,"ocean_both_sidebars_sidebars_width":0,"ocean_sidebar":"","ocean_second_sidebar":"","ocean_disable_margins":"enable","ocean_add_body_class":"","ocean_shortcode_before_top_bar":"","ocean_shortcode_after_top_bar":"","ocean_shortcode_before_header":"","ocean_shortcode_after_header":"","ocean_has_shortcode":"","ocean_shortcode_after_title":"","ocean_shortcode_before_footer_widgets":"","ocean_shortcode_after_footer_widgets":"","ocean_shortcode_before_footer_bottom":"","ocean_shortcode_after_footer_bottom":"","ocean_display_top_bar":"default","ocean_display_header":"default","ocean_header_style":"","ocean_center_header_left_menu":"","ocean_custom_header_template":"","ocean_custom_logo":0,"ocean_custom_retina_logo":0,"ocean_custom_logo_max_width":0,"ocean_custom_logo_tablet_max_width":0,"ocean_custom_logo_mobile_max_width":0,"ocean_custom_logo_max_height":0,"ocean_custom_logo_tablet_max_height":0,"ocean_custom_logo_mobile_max_height":0,"ocean_header_custom_menu":"","ocean_menu_typo_font_family":"","ocean_menu_typo_font_subset":"","ocean_menu_typo_font_size":0,"ocean_menu_typo_font_size_tablet":0,"ocean_menu_typo_font_size_mobile":0,"ocean_menu_typo_font_size_unit":"px","ocean_menu_typo_font_weight":"","ocean_menu_typo_font_weight_tablet":"","ocean_menu_typo_font_weight_mobile":"","ocean_menu_typo_transform":"","ocean_menu_typo_transform_tablet":"","ocean_menu_typo_transform_mobile":"","ocean_menu_typo_line_height":0,"ocean_menu_typo_line_height_tablet":0,"ocean_menu_typo_line_height_mobile":0,"ocean_menu_typo_line_height_unit":"","ocean_menu_typo_spacing":0,"ocean_menu_typo_spacing_tablet":0,"ocean_menu_typo_spacing_mobile":0,"ocean_menu_typo_spacing_unit":"","ocean_menu_link_color":"","ocean_menu_link_color_hover":"","ocean_menu_link_color_active":"","ocean_menu_link_background":"","ocean_menu_link_hover_background":"","ocean_menu_link_active_background":"","ocean_menu_social_links_bg":"","ocean_menu_social_hover_links_bg":"","ocean_menu_social_links_color":"","ocean_menu_social_hover_links_color":"","ocean_disable_title":"default","ocean_disable_heading":"default","ocean_post_title":"","ocean_post_subheading":"","ocean_post_title_style":"","ocean_post_title_background_color":"","ocean_post_title_background":0,"ocean_post_title_bg_image_position":"","ocean_post_title_bg_image_attachment":"","ocean_post_title_bg_image_repeat":"","ocean_post_title_bg_image_size":"","ocean_post_title_height":0,"ocean_post_title_bg_overlay":0.5,"ocean_post_title_bg_overlay_color":"","ocean_disable_breadcrumbs":"default","ocean_breadcrumbs_color":"","ocean_breadcrumbs_separator_color":"","ocean_breadcrumbs_links_color":"","ocean_breadcrumbs_links_hover_color":"","ocean_display_footer_widgets":"default","ocean_display_footer_bottom":"default","ocean_custom_footer_template":"","footnotes":""},"class_list":["post-27","page","type-page","status-publish","hentry","entry"],"yoast_head":"<!-- This site is optimized with the Yoast SEO plugin v27.4 - https:\/\/yoast.com\/product\/yoast-seo-wordpress\/ -->\n<title>nos engagements - duo des arbres<\/title>\n<meta name=\"robots\" content=\"index, follow, max-snippet:-1, max-image-preview:large, max-video-preview:-1\" \/>\n<link rel=\"canonical\" href=\"https:\/\/duodesarbres.fr\/index.php\/nos-engagements\/\" \/>\n<meta property=\"og:locale\" content=\"fr_FR\" \/>\n<meta property=\"og:type\" content=\"article\" \/>\n<meta property=\"og:title\" content=\"nos engagements - duo des arbres\" \/>\n<meta property=\"og:description\" content=\"Nos engagements en faveur du bon traitement des arbres, de l&rsquo;environnement, et la protection de nos collaborateurs, est comme une charte de qualit\u00e9s que nous nous mettons en \u0153uvre pour proposer une intervention de qualit\u00e9 Respecter la saisonnalit\u00e9 des arbres : Les arbres ne r\u00e9agissent pas de la m\u00eame fa\u00e7on tout au long de l&rsquo;ann\u00e9e, [&hellip;]\" \/>\n<meta property=\"og:url\" content=\"https:\/\/duodesarbres.fr\/index.php\/nos-engagements\/\" \/>\n<meta property=\"og:site_name\" content=\"duo des arbres\" \/>\n<meta property=\"article:modified_time\" content=\"2026-04-13T10:14:37+00:00\" \/>\n<meta property=\"og:image\" content=\"http:\/\/duodesarbres.fr\/wp-content\/uploads\/2026\/04\/IMG_20250301_171147.jpg\" \/>\n<meta name=\"twitter:card\" content=\"summary_large_image\" \/>\n<meta name=\"twitter:label1\" content=\"Dur\u00e9e de lecture estim\u00e9e\" \/>\n\t<meta name=\"twitter:data1\" content=\"4 minutes\" \/>\n<script type=\"application\/ld+json\" class=\"yoast-schema-graph\">{\"@context\":\"https:\\\/\\\/schema.org\",\"@graph\":[{\"@type\":\"WebPage\",\"@id\":\"https:\\\/\\\/duodesarbres.fr\\\/index.php\\\/nos-engagements\\\/\",\"url\":\"https:\\\/\\\/duodesarbres.fr\\\/index.php\\\/nos-engagements\\\/\",\"name\":\"nos engagements - duo des arbres\",\"isPartOf\":{\"@id\":\"http:\\\/\\\/duodesarbres.fr\\\/#website\"},\"primaryImageOfPage\":{\"@id\":\"https:\\\/\\\/duodesarbres.fr\\\/index.php\\\/nos-engagements\\\/#primaryimage\"},\"image\":{\"@id\":\"https:\\\/\\\/duodesarbres.fr\\\/index.php\\\/nos-engagements\\\/#primaryimage\"},\"thumbnailUrl\":\"http:\\\/\\\/duodesarbres.fr\\\/wp-content\\\/uploads\\\/2026\\\/04\\\/IMG_20250301_171147.jpg\",\"datePublished\":\"2026-03-19T14:40:49+00:00\",\"dateModified\":\"2026-04-13T10:14:37+00:00\",\"breadcrumb\":{\"@id\":\"https:\\\/\\\/duodesarbres.fr\\\/index.php\\\/nos-engagements\\\/#breadcrumb\"},\"inLanguage\":\"fr-FR\",\"potentialAction\":[{\"@type\":\"ReadAction\",\"target\":[\"https:\\\/\\\/duodesarbres.fr\\\/index.php\\\/nos-engagements\\\/\"]}]},{\"@type\":\"ImageObject\",\"inLanguage\":\"fr-FR\",\"@id\":\"https:\\\/\\\/duodesarbres.fr\\\/index.php\\\/nos-engagements\\\/#primaryimage\",\"url\":\"http:\\\/\\\/duodesarbres.fr\\\/wp-content\\\/uploads\\\/2026\\\/04\\\/IMG_20250301_171147.jpg\",\"contentUrl\":\"http:\\\/\\\/duodesarbres.fr\\\/wp-content\\\/uploads\\\/2026\\\/04\\\/IMG_20250301_171147.jpg\"},{\"@type\":\"BreadcrumbList\",\"@id\":\"https:\\\/\\\/duodesarbres.fr\\\/index.php\\\/nos-engagements\\\/#breadcrumb\",\"itemListElement\":[{\"@type\":\"ListItem\",\"position\":1,\"name\":\"Accueil\",\"item\":\"http:\\\/\\\/duodesarbres.fr\\\/\"},{\"@type\":\"ListItem\",\"position\":2,\"name\":\"nos engagements\"}]},{\"@type\":\"WebSite\",\"@id\":\"http:\\\/\\\/duodesarbres.fr\\\/#website\",\"url\":\"http:\\\/\\\/duodesarbres.fr\\\/\",\"name\":\"duo des arbres\",\"description\":\"\u00e9lagage raisonn\u00e9, un avenir enracin\u00e9.\",\"publisher\":{\"@id\":\"http:\\\/\\\/duodesarbres.fr\\\/#organization\"},\"potentialAction\":[{\"@type\":\"SearchAction\",\"target\":{\"@type\":\"EntryPoint\",\"urlTemplate\":\"http:\\\/\\\/duodesarbres.fr\\\/?s={search_term_string}\"},\"query-input\":{\"@type\":\"PropertyValueSpecification\",\"valueRequired\":true,\"valueName\":\"search_term_string\"}}],\"inLanguage\":\"fr-FR\"},{\"@type\":\"Organization\",\"@id\":\"http:\\\/\\\/duodesarbres.fr\\\/#organization\",\"name\":\"duo des arbres\",\"url\":\"http:\\\/\\\/duodesarbres.fr\\\/\",\"logo\":{\"@type\":\"ImageObject\",\"inLanguage\":\"fr-FR\",\"@id\":\"http:\\\/\\\/duodesarbres.fr\\\/#\\\/schema\\\/logo\\\/image\\\/\",\"url\":\"https:\\\/\\\/duodesarbres.fr\\\/wp-content\\\/uploads\\\/2026\\\/04\\\/Duo-des-arbres.png\",\"contentUrl\":\"https:\\\/\\\/duodesarbres.fr\\\/wp-content\\\/uploads\\\/2026\\\/04\\\/Duo-des-arbres.png\",\"width\":800,\"height\":808,\"caption\":\"duo des arbres\"},\"image\":{\"@id\":\"http:\\\/\\\/duodesarbres.fr\\\/#\\\/schema\\\/logo\\\/image\\\/\"}}]}<\/script>\n<!-- \/ Yoast SEO plugin. -->","yoast_head_json":{"title":"nos engagements - duo des arbres","robots":{"index":"index","follow":"follow","max-snippet":"max-snippet:-1","max-image-preview":"max-image-preview:large","max-video-preview":"max-video-preview:-1"},"canonical":"https:\/\/duodesarbres.fr\/index.php\/nos-engagements\/","og_locale":"fr_FR","og_type":"article","og_title":"nos engagements - duo des arbres","og_description":"Nos engagements en faveur du bon traitement des arbres, de l&rsquo;environnement, et la protection de nos collaborateurs, est comme une charte de qualit\u00e9s que nous nous mettons en \u0153uvre pour proposer une intervention de qualit\u00e9 Respecter la saisonnalit\u00e9 des arbres : Les arbres ne r\u00e9agissent pas de la m\u00eame fa\u00e7on tout au long de l&rsquo;ann\u00e9e, [&hellip;]","og_url":"https:\/\/duodesarbres.fr\/index.php\/nos-engagements\/","og_site_name":"duo des arbres","article_modified_time":"2026-04-13T10:14:37+00:00","og_image":[{"url":"http:\/\/duodesarbres.fr\/wp-content\/uploads\/2026\/04\/IMG_20250301_171147.jpg","type":"","width":"","height":""}],"twitter_card":"summary_large_image","twitter_misc":{"Dur\u00e9e de lecture estim\u00e9e":"4 minutes"},"schema":{"@context":"https:\/\/schema.org","@graph":[{"@type":"WebPage","@id":"https:\/\/duodesarbres.fr\/index.php\/nos-engagements\/","url":"https:\/\/duodesarbres.fr\/index.php\/nos-engagements\/","name":"nos engagements - duo des arbres","isPartOf":{"@id":"http:\/\/duodesarbres.fr\/#website"},"primaryImageOfPage":{"@id":"https:\/\/duodesarbres.fr\/index.php\/nos-engagements\/#primaryimage"},"image":{"@id":"https:\/\/duodesarbres.fr\/index.php\/nos-engagements\/#primaryimage"},"thumbnailUrl":"http:\/\/duodesarbres.fr\/wp-content\/uploads\/2026\/04\/IMG_20250301_171147.jpg","datePublished":"2026-03-19T14:40:49+00:00","dateModified":"2026-04-13T10:14:37+00:00","breadcrumb":{"@id":"https:\/\/duodesarbres.fr\/index.php\/nos-engagements\/#breadcrumb"},"inLanguage":"fr-FR","potentialAction":[{"@type":"ReadAction","target":["https:\/\/duodesarbres.fr\/index.php\/nos-engagements\/"]}]},{"@type":"ImageObject","inLanguage":"fr-FR","@id":"https:\/\/duodesarbres.fr\/index.php\/nos-engagements\/#primaryimage","url":"http:\/\/duodesarbres.fr\/wp-content\/uploads\/2026\/04\/IMG_20250301_171147.jpg","contentUrl":"http:\/\/duodesarbres.fr\/wp-content\/uploads\/2026\/04\/IMG_20250301_171147.jpg"},{"@type":"BreadcrumbList","@id":"https:\/\/duodesarbres.fr\/index.php\/nos-engagements\/#breadcrumb","itemListElement":[{"@type":"ListItem","position":1,"name":"Accueil","item":"http:\/\/duodesarbres.fr\/"},{"@type":"ListItem","position":2,"name":"nos engagements"}]},{"@type":"WebSite","@id":"http:\/\/duodesarbres.fr\/#website","url":"http:\/\/duodesarbres.fr\/","name":"duo des arbres","description":"\u00e9lagage raisonn\u00e9, un avenir enracin\u00e9.","publisher":{"@id":"http:\/\/duodesarbres.fr\/#organization"},"potentialAction":[{"@type":"SearchAction","target":{"@type":"EntryPoint","urlTemplate":"http:\/\/duodesarbres.fr\/?s={search_term_string}"},"query-input":{"@type":"PropertyValueSpecification","valueRequired":true,"valueName":"search_term_string"}}],"inLanguage":"fr-FR"},{"@type":"Organization","@id":"http:\/\/duodesarbres.fr\/#organization","name":"duo des arbres","url":"http:\/\/duodesarbres.fr\/","logo":{"@type":"ImageObject","inLanguage":"fr-FR","@id":"http:\/\/duodesarbres.fr\/#\/schema\/logo\/image\/","url":"https:\/\/duodesarbres.fr\/wp-content\/uploads\/2026\/04\/Duo-des-arbres.png","contentUrl":"https:\/\/duodesarbres.fr\/wp-content\/uploads\/2026\/04\/Duo-des-arbres.png","width":800,"height":808,"caption":"duo des arbres"},"image":{"@id":"http:\/\/duodesarbres.fr\/#\/schema\/logo\/image\/"}}]}},"_links":{"self":[{"href":"https:\/\/duodesarbres.fr\/index.php\/wp-json\/wp\/v2\/pages\/27","targetHints":{"allow":["GET"]}}],"collection":[{"href":"https:\/\/duodesarbres.fr\/index.php\/wp-json\/wp\/v2\/pages"}],"about":[{"href":"https:\/\/duodesarbres.fr\/index.php\/wp-json\/wp\/v2\/types\/page"}],"author":[{"embeddable":true,"href":"https:\/\/duodesarbres.fr\/index.php\/wp-json\/wp\/v2\/users\/1"}],"replies":[{"embeddable":true,"href":"https:\/\/duodesarbres.fr\/index.php\/wp-json\/wp\/v2\/comments?post=27"}],"version-history":[{"count":53,"href":"https:\/\/duodesarbres.fr\/index.php\/wp-json\/wp\/v2\/pages\/27\/revisions"}],"predecessor-version":[{"id":522,"href":"https:\/\/duodesarbres.fr\/index.php\/wp-json\/wp\/v2\/pages\/27\/revisions\/522"}],"wp:attachment":[{"href":"https:\/\/duodesarbres.fr\/index.php\/wp-json\/wp\/v2\/media?parent=27"}],"curies":[{"name":"wp","href":"https:\/\/api.w.org\/{rel}","templated":true}]}}