{"id":37,"date":"2026-03-19T16:33:29","date_gmt":"2026-03-19T15:33:29","guid":{"rendered":"https:\/\/duodesarbres.fr\/?page_id=37"},"modified":"2026-03-27T14:32:29","modified_gmt":"2026-03-27T13:32:29","slug":"politique-de-confidentialite","status":"publish","type":"page","link":"https:\/\/duodesarbres.fr\/index.php\/politique-de-confidentialite\/","title":{"rendered":"politique de confidentialit\u00e9"},"content":{"rendered":"\n<p>Dans le cadre de notre activit\u00e9, nous sommes amen\u00e9s \u00e0 traiter des informations vous concernant. En remplissant notre formulaire de contact vous nous transmettez des informations (donn\u00e9es personnelles) de nature \u00e0 vous identifier.<\/p>\n\n\n\n<p>La pr\u00e9sente politique de confidentialit\u00e9 vous informe de la mani\u00e8re dont nous traitons ces informations. Nous vous recommandons de prendre connaissance de ce document.<\/p>\n\n\n\n<h2 class=\"wp-block-heading\">1. Collecte des informations<\/h2>\n\n\n\n<p>Nous recueillons des informations lorsque vous remplissez notre formulaire de contact.<\/p>\n\n\n\n<p>Les informations recueillies incluent obligatoirement : votre pr\u00e9nom, votre nom, votre adresse e-mail, votre adresse postale, l&rsquo;adresse du rendez-vous (si diff\u00e9rente), l&rsquo;objet de votre demande ainsi que votre demande.<\/p>\n\n\n\n<p>\u00c0 ces informations, peuvent s\u2019ajouter des informations telles que votre num\u00e9ro de t\u00e9l\u00e9phone.<\/p>\n\n\n\n<h2 class=\"wp-block-heading\">2. Utilisation des informations<\/h2>\n\n\n\n<p>Toutes les informations que nous recueillons peuvent \u00eatre utilis\u00e9es pour :<\/p>\n\n\n\n<ul class=\"wp-block-list\">\n<li>Vous contactez par e-mail ou par t\u00e9l\u00e9phone.<\/li>\n\n\n\n<li>R\u00e9pondre \u00e0 vos questions, attentes ou probl\u00e9matiques.<\/li>\n\n\n\n<li>Vous proposez des solutions commerciales adapt\u00e9es \u00e0 vos demandes.<\/li>\n\n\n\n<li>R\u00e9pondre \u00e0 vos besoins de prises en charge.<\/li>\n\n\n\n<li>Am\u00e9liorer notre service de relation client.<\/li>\n\n\n\n<li>Am\u00e9liorer notre site.<\/li>\n\n\n\n<li>\u00c9tablir des devis, des factures en lien avec les prestations ou services demand\u00e9s.<\/li>\n<\/ul>\n\n\n\n<h2 class=\"wp-block-heading\">3. Communication des informations<\/h2>\n\n\n\n<p>Nous sommes les seuls propri\u00e9taires des informations recueillies sur ce site. Vos informations personnelles ne sont pas vendues, \u00e9chang\u00e9es, transf\u00e9r\u00e9es, donn\u00e9es ou transmises de quelque fa\u00e7on que ce soit \u00e0 un tiers pour n\u2019importe quelle raison, sans votre consentement.<\/p>\n\n\n\n<p>Nous pouvons cependant communiquer vos informations \u00e0 un organisme gouvernemental qui fait valoir son autorit\u00e9 l\u00e9gitime d\u2019obtenir ces donn\u00e9es ou lorsque nous avons des motifs raisonnables de croire que les renseignements pourraient \u00eatre utiles dans le cadre d\u2019une enqu\u00eate visant une activit\u00e9 illicite, ou pour nous conformer \u00e0 une assignation, un mandat ou une ordonnance \u00e9manant d\u2019un tribunal, d\u2019une personne ou d\u2019un organisme comp\u00e9tent.<\/p>\n\n\n\n<h2 class=\"wp-block-heading\">4. Contr\u00f4le des informations<\/h2>\n\n\n\n<p>Vous conservez un contr\u00f4le total et un droit de regard sur les informations personnelles que vous nous transmettez.<\/p>\n\n\n\n<p>Vous pouvez exercer ce contr\u00f4le et consulter, rectifier ou demander la suppression totale ou partielle de ces informations sur simple demande \u00e9crite \u00e0 l\u2019adresse suivante : Clement Coutard Duo des arbres, 1 place Saint-Denis, 72400 Cormes.<\/p>\n\n\n\n<h2 class=\"wp-block-heading\">5. Stockage des informations<\/h2>\n\n\n\n<p>Les informations recueillies par le biais de ce site sont stock\u00e9es sur des appareils num\u00e9riques, ordinateurs et serveurs locaux appartenant \u00e0 notre soci\u00e9t\u00e9. Seuls des collaborateurs de l\u2019entreprise peuvent y acc\u00e9der. Nous prenons toutes les pr\u00e9cautions techniques et organisationnelles n\u00e9cessaires et raisonnables pour pr\u00e9venir et emp\u00eacher la perte, l\u2019abus ou l\u2019alt\u00e9ration de vos informations personnelles. Nos syst\u00e8mes sont \u00e9quip\u00e9s de pare-feu et de solutions antivirales r\u00e9guli\u00e8rement mises \u00e0 jour.<\/p>\n\n\n\n<h2 class=\"wp-block-heading\">6. Dur\u00e9e de conservation des informations<\/h2>\n\n\n\n<p class=\"has-vivid-red-color has-text-color has-link-color wp-elements-4de193f61c9555628fca3803ab2454c0\">Nous conservons vos informations pendant toute la dur\u00e9e n\u00e9cessaire \u00e0 la bonne conduite des \u00e9changes qui d\u00e9coulent de notre relation client\/prestataire. Au-del\u00e0 de cette recette, relation, le d\u00e9lai de conservation ne pourra exc\u00e9der 36 mois.<\/p>\n\n\n\n<h2 class=\"wp-block-heading\">7. Acceptation<\/h2>\n\n\n\n<p>Pour transmettre vos informations vous devez accepter pleinement la pr\u00e9sente politique de confidentialit\u00e9.<\/p>\n\n\n\n<p>L\u2019envoi d\u2019informations via nos formulaires ne peut se faire sans avoir coch\u00e9 au pr\u00e9alable une case qui confirme votre prise de connaissance de cette politique.<\/p>\n\n\n\n<p><\/p>\n","protected":false},"excerpt":{"rendered":"<p>Dans le cadre de notre activit\u00e9, nous sommes amen\u00e9s \u00e0 traiter des informations vous concernant. En remplissant notre formulaire de contact vous nous transmettez des informations (donn\u00e9es personnelles) de nature \u00e0 vous identifier. La pr\u00e9sente politique de confidentialit\u00e9 vous informe de la mani\u00e8re dont nous traitons ces informations. Nous vous recommandons de prendre connaissance de [&hellip;]<\/p>\n","protected":false},"author":1,"featured_media":0,"parent":0,"menu_order":0,"comment_status":"closed","ping_status":"closed","template":"","meta":{"ocean_post_layout":"","ocean_both_sidebars_style":"","ocean_both_sidebars_content_width":0,"ocean_both_sidebars_sidebars_width":0,"ocean_sidebar":"","ocean_second_sidebar":"","ocean_disable_margins":"enable","ocean_add_body_class":"","ocean_shortcode_before_top_bar":"","ocean_shortcode_after_top_bar":"","ocean_shortcode_before_header":"","ocean_shortcode_after_header":"","ocean_has_shortcode":"","ocean_shortcode_after_title":"","ocean_shortcode_before_footer_widgets":"","ocean_shortcode_after_footer_widgets":"","ocean_shortcode_before_footer_bottom":"","ocean_shortcode_after_footer_bottom":"","ocean_display_top_bar":"default","ocean_display_header":"default","ocean_header_style":"","ocean_center_header_left_menu":"","ocean_custom_header_template":"","ocean_custom_logo":0,"ocean_custom_retina_logo":0,"ocean_custom_logo_max_width":0,"ocean_custom_logo_tablet_max_width":0,"ocean_custom_logo_mobile_max_width":0,"ocean_custom_logo_max_height":0,"ocean_custom_logo_tablet_max_height":0,"ocean_custom_logo_mobile_max_height":0,"ocean_header_custom_menu":"","ocean_menu_typo_font_family":"","ocean_menu_typo_font_subset":"","ocean_menu_typo_font_size":0,"ocean_menu_typo_font_size_tablet":0,"ocean_menu_typo_font_size_mobile":0,"ocean_menu_typo_font_size_unit":"px","ocean_menu_typo_font_weight":"","ocean_menu_typo_font_weight_tablet":"","ocean_menu_typo_font_weight_mobile":"","ocean_menu_typo_transform":"","ocean_menu_typo_transform_tablet":"","ocean_menu_typo_transform_mobile":"","ocean_menu_typo_line_height":0,"ocean_menu_typo_line_height_tablet":0,"ocean_menu_typo_line_height_mobile":0,"ocean_menu_typo_line_height_unit":"","ocean_menu_typo_spacing":0,"ocean_menu_typo_spacing_tablet":0,"ocean_menu_typo_spacing_mobile":0,"ocean_menu_typo_spacing_unit":"","ocean_menu_link_color":"","ocean_menu_link_color_hover":"","ocean_menu_link_color_active":"","ocean_menu_link_background":"","ocean_menu_link_hover_background":"","ocean_menu_link_active_background":"","ocean_menu_social_links_bg":"","ocean_menu_social_hover_links_bg":"","ocean_menu_social_links_color":"","ocean_menu_social_hover_links_color":"","ocean_disable_title":"default","ocean_disable_heading":"default","ocean_post_title":"","ocean_post_subheading":"","ocean_post_title_style":"","ocean_post_title_background_color":"","ocean_post_title_background":0,"ocean_post_title_bg_image_position":"","ocean_post_title_bg_image_attachment":"","ocean_post_title_bg_image_repeat":"","ocean_post_title_bg_image_size":"","ocean_post_title_height":0,"ocean_post_title_bg_overlay":0.5,"ocean_post_title_bg_overlay_color":"","ocean_disable_breadcrumbs":"default","ocean_breadcrumbs_color":"","ocean_breadcrumbs_separator_color":"","ocean_breadcrumbs_links_color":"","ocean_breadcrumbs_links_hover_color":"","ocean_display_footer_widgets":"default","ocean_display_footer_bottom":"default","ocean_custom_footer_template":"","footnotes":""},"class_list":["post-37","page","type-page","status-publish","hentry","entry"],"yoast_head":"<!-- This site is optimized with the Yoast SEO plugin v27.4 - https:\/\/yoast.com\/product\/yoast-seo-wordpress\/ -->\n<title>politique de confidentialit\u00e9 - duo des arbres<\/title>\n<meta name=\"robots\" content=\"index, follow, max-snippet:-1, max-image-preview:large, max-video-preview:-1\" \/>\n<link rel=\"canonical\" href=\"https:\/\/duodesarbres.fr\/index.php\/politique-de-confidentialite\/\" \/>\n<meta property=\"og:locale\" content=\"fr_FR\" \/>\n<meta property=\"og:type\" content=\"article\" \/>\n<meta property=\"og:title\" content=\"politique de confidentialit\u00e9 - duo des arbres\" \/>\n<meta property=\"og:description\" content=\"Dans le cadre de notre activit\u00e9, nous sommes amen\u00e9s \u00e0 traiter des informations vous concernant. En remplissant notre formulaire de contact vous nous transmettez des informations (donn\u00e9es personnelles) de nature \u00e0 vous identifier. La pr\u00e9sente politique de confidentialit\u00e9 vous informe de la mani\u00e8re dont nous traitons ces informations. Nous vous recommandons de prendre connaissance de [&hellip;]\" \/>\n<meta property=\"og:url\" content=\"https:\/\/duodesarbres.fr\/index.php\/politique-de-confidentialite\/\" \/>\n<meta property=\"og:site_name\" content=\"duo des arbres\" \/>\n<meta property=\"article:modified_time\" content=\"2026-03-27T13:32:29+00:00\" \/>\n<meta name=\"twitter:card\" content=\"summary_large_image\" \/>\n<meta name=\"twitter:label1\" content=\"Dur\u00e9e de lecture estim\u00e9e\" \/>\n\t<meta name=\"twitter:data1\" content=\"3 minutes\" \/>\n<script type=\"application\/ld+json\" class=\"yoast-schema-graph\">{\"@context\":\"https:\\\/\\\/schema.org\",\"@graph\":[{\"@type\":\"WebPage\",\"@id\":\"https:\\\/\\\/duodesarbres.fr\\\/index.php\\\/politique-de-confidentialite\\\/\",\"url\":\"https:\\\/\\\/duodesarbres.fr\\\/index.php\\\/politique-de-confidentialite\\\/\",\"name\":\"politique de confidentialit\u00e9 - duo des arbres\",\"isPartOf\":{\"@id\":\"https:\\\/\\\/duodesarbres.fr\\\/#website\"},\"datePublished\":\"2026-03-19T15:33:29+00:00\",\"dateModified\":\"2026-03-27T13:32:29+00:00\",\"breadcrumb\":{\"@id\":\"https:\\\/\\\/duodesarbres.fr\\\/index.php\\\/politique-de-confidentialite\\\/#breadcrumb\"},\"inLanguage\":\"fr-FR\",\"potentialAction\":[{\"@type\":\"ReadAction\",\"target\":[\"https:\\\/\\\/duodesarbres.fr\\\/index.php\\\/politique-de-confidentialite\\\/\"]}]},{\"@type\":\"BreadcrumbList\",\"@id\":\"https:\\\/\\\/duodesarbres.fr\\\/index.php\\\/politique-de-confidentialite\\\/#breadcrumb\",\"itemListElement\":[{\"@type\":\"ListItem\",\"position\":1,\"name\":\"Accueil\",\"item\":\"https:\\\/\\\/duodesarbres.fr\\\/\"},{\"@type\":\"ListItem\",\"position\":2,\"name\":\"politique de confidentialit\u00e9\"}]},{\"@type\":\"WebSite\",\"@id\":\"https:\\\/\\\/duodesarbres.fr\\\/#website\",\"url\":\"https:\\\/\\\/duodesarbres.fr\\\/\",\"name\":\"duo des arbres\",\"description\":\"\u00e9lagage raisonn\u00e9, un avenir enracin\u00e9.\",\"publisher\":{\"@id\":\"https:\\\/\\\/duodesarbres.fr\\\/#organization\"},\"potentialAction\":[{\"@type\":\"SearchAction\",\"target\":{\"@type\":\"EntryPoint\",\"urlTemplate\":\"https:\\\/\\\/duodesarbres.fr\\\/?s={search_term_string}\"},\"query-input\":{\"@type\":\"PropertyValueSpecification\",\"valueRequired\":true,\"valueName\":\"search_term_string\"}}],\"inLanguage\":\"fr-FR\"},{\"@type\":\"Organization\",\"@id\":\"https:\\\/\\\/duodesarbres.fr\\\/#organization\",\"name\":\"duo des arbres\",\"url\":\"https:\\\/\\\/duodesarbres.fr\\\/\",\"logo\":{\"@type\":\"ImageObject\",\"inLanguage\":\"fr-FR\",\"@id\":\"https:\\\/\\\/duodesarbres.fr\\\/#\\\/schema\\\/logo\\\/image\\\/\",\"url\":\"https:\\\/\\\/duodesarbres.fr\\\/wp-content\\\/uploads\\\/2026\\\/04\\\/Duo-des-arbres.png\",\"contentUrl\":\"https:\\\/\\\/duodesarbres.fr\\\/wp-content\\\/uploads\\\/2026\\\/04\\\/Duo-des-arbres.png\",\"width\":800,\"height\":808,\"caption\":\"duo des arbres\"},\"image\":{\"@id\":\"https:\\\/\\\/duodesarbres.fr\\\/#\\\/schema\\\/logo\\\/image\\\/\"}}]}<\/script>\n<!-- \/ Yoast SEO plugin. -->","yoast_head_json":{"title":"politique de confidentialit\u00e9 - duo des arbres","robots":{"index":"index","follow":"follow","max-snippet":"max-snippet:-1","max-image-preview":"max-image-preview:large","max-video-preview":"max-video-preview:-1"},"canonical":"https:\/\/duodesarbres.fr\/index.php\/politique-de-confidentialite\/","og_locale":"fr_FR","og_type":"article","og_title":"politique de confidentialit\u00e9 - duo des arbres","og_description":"Dans le cadre de notre activit\u00e9, nous sommes amen\u00e9s \u00e0 traiter des informations vous concernant. En remplissant notre formulaire de contact vous nous transmettez des informations (donn\u00e9es personnelles) de nature \u00e0 vous identifier. La pr\u00e9sente politique de confidentialit\u00e9 vous informe de la mani\u00e8re dont nous traitons ces informations. Nous vous recommandons de prendre connaissance de [&hellip;]","og_url":"https:\/\/duodesarbres.fr\/index.php\/politique-de-confidentialite\/","og_site_name":"duo des arbres","article_modified_time":"2026-03-27T13:32:29+00:00","twitter_card":"summary_large_image","twitter_misc":{"Dur\u00e9e de lecture estim\u00e9e":"3 minutes"},"schema":{"@context":"https:\/\/schema.org","@graph":[{"@type":"WebPage","@id":"https:\/\/duodesarbres.fr\/index.php\/politique-de-confidentialite\/","url":"https:\/\/duodesarbres.fr\/index.php\/politique-de-confidentialite\/","name":"politique de confidentialit\u00e9 - duo des arbres","isPartOf":{"@id":"https:\/\/duodesarbres.fr\/#website"},"datePublished":"2026-03-19T15:33:29+00:00","dateModified":"2026-03-27T13:32:29+00:00","breadcrumb":{"@id":"https:\/\/duodesarbres.fr\/index.php\/politique-de-confidentialite\/#breadcrumb"},"inLanguage":"fr-FR","potentialAction":[{"@type":"ReadAction","target":["https:\/\/duodesarbres.fr\/index.php\/politique-de-confidentialite\/"]}]},{"@type":"BreadcrumbList","@id":"https:\/\/duodesarbres.fr\/index.php\/politique-de-confidentialite\/#breadcrumb","itemListElement":[{"@type":"ListItem","position":1,"name":"Accueil","item":"https:\/\/duodesarbres.fr\/"},{"@type":"ListItem","position":2,"name":"politique de confidentialit\u00e9"}]},{"@type":"WebSite","@id":"https:\/\/duodesarbres.fr\/#website","url":"https:\/\/duodesarbres.fr\/","name":"duo des arbres","description":"\u00e9lagage raisonn\u00e9, un avenir enracin\u00e9.","publisher":{"@id":"https:\/\/duodesarbres.fr\/#organization"},"potentialAction":[{"@type":"SearchAction","target":{"@type":"EntryPoint","urlTemplate":"https:\/\/duodesarbres.fr\/?s={search_term_string}"},"query-input":{"@type":"PropertyValueSpecification","valueRequired":true,"valueName":"search_term_string"}}],"inLanguage":"fr-FR"},{"@type":"Organization","@id":"https:\/\/duodesarbres.fr\/#organization","name":"duo des arbres","url":"https:\/\/duodesarbres.fr\/","logo":{"@type":"ImageObject","inLanguage":"fr-FR","@id":"https:\/\/duodesarbres.fr\/#\/schema\/logo\/image\/","url":"https:\/\/duodesarbres.fr\/wp-content\/uploads\/2026\/04\/Duo-des-arbres.png","contentUrl":"https:\/\/duodesarbres.fr\/wp-content\/uploads\/2026\/04\/Duo-des-arbres.png","width":800,"height":808,"caption":"duo des arbres"},"image":{"@id":"https:\/\/duodesarbres.fr\/#\/schema\/logo\/image\/"}}]}},"_links":{"self":[{"href":"https:\/\/duodesarbres.fr\/index.php\/wp-json\/wp\/v2\/pages\/37","targetHints":{"allow":["GET"]}}],"collection":[{"href":"https:\/\/duodesarbres.fr\/index.php\/wp-json\/wp\/v2\/pages"}],"about":[{"href":"https:\/\/duodesarbres.fr\/index.php\/wp-json\/wp\/v2\/types\/page"}],"author":[{"embeddable":true,"href":"https:\/\/duodesarbres.fr\/index.php\/wp-json\/wp\/v2\/users\/1"}],"replies":[{"embeddable":true,"href":"https:\/\/duodesarbres.fr\/index.php\/wp-json\/wp\/v2\/comments?post=37"}],"version-history":[{"count":4,"href":"https:\/\/duodesarbres.fr\/index.php\/wp-json\/wp\/v2\/pages\/37\/revisions"}],"predecessor-version":[{"id":168,"href":"https:\/\/duodesarbres.fr\/index.php\/wp-json\/wp\/v2\/pages\/37\/revisions\/168"}],"wp:attachment":[{"href":"https:\/\/duodesarbres.fr\/index.php\/wp-json\/wp\/v2\/media?parent=37"}],"curies":[{"name":"wp","href":"https:\/\/api.w.org\/{rel}","templated":true}]}}